{"id":105,"date":"2026-02-21T15:20:06","date_gmt":"2026-02-21T15:20:06","guid":{"rendered":"https:\/\/wifunsa.de\/blog\/?page_id=105"},"modified":"2026-03-19T19:29:23","modified_gmt":"2026-03-19T19:29:23","slug":"rent-a-prof","status":"publish","type":"page","link":"https:\/\/wifunsa.de\/blog\/index.php\/rent-a-prof\/","title":{"rendered":"Rent a Prof"},"content":{"rendered":"\n<p>Was k\u00f6nnen Sch\u00fcler und Wissenschaftler voneinander lernen?<\/p>\n\n\n\n<p>Wir sind eine Gruppe von Wissenschaftlern, die sich gemeinsam vorgenommen haben, mit Sch\u00fclern ins Gespr\u00e4ch zu kommen. Was kann Wissenschaft und was kann sie nicht? Warum haben Wissenschaftler so oft unterschiedliche Meinungen? Was machen Wissenschaftler eigentlich den ganzen Tag? Und brauchen wir sie \u00fcberhaupt? \u00dcber diese und viele andere Fragen w\u00fcrden wir gern reden. Mit Sch\u00fclerinnen und Sch\u00fclern. Weil wir an der Meinung von jungen Menschen interessiert sind. Weil wir gern wissen w\u00fcrden, was sie von Wissenschaftlern erwarten und wie sie \u00fcber Wissenschaft denken.<\/p>\n\n\n<style type=\"text\/css\">\n#foogallery-gallery-116.fg-justified .fg-item { margin-right: 2px; margin-bottom: 2px; }\n#foogallery-gallery-116.fg-justified .fg-image { height: 200px; }<\/style>\n\t\t\t<div class=\"foogallery foogallery-container foogallery-justified foogallery-lightbox-none fg-justified fg-ready fg-light fg-shadow-outline fg-loading-default fg-loaded-fade-in fg-caption-hover fg-hover-fade fg-hover-eye fg-c-c\" id=\"foogallery-gallery-116\" data-foogallery=\"{&quot;item&quot;:{&quot;showCaptionTitle&quot;:true,&quot;showCaptionDescription&quot;:true},&quot;lazy&quot;:true,&quot;template&quot;:{&quot;rowHeight&quot;:200,&quot;maxRowHeight&quot;:300,&quot;margins&quot;:2,&quot;align&quot;:&quot;center&quot;,&quot;lastRow&quot;:&quot;smart&quot;}}\" style=\"--fg-title-line-clamp: 0; --fg-description-line-clamp: 0;\" >\n\t<div class=\"fg-item fg-type-iframe fg-idle\"><figure class=\"fg-item-inner\"><a href=\"https:\/\/wifunsa.de\/blog\/index.php\/prof-sackmann\/\" data-caption-desc=\"(Soziologie)\" data-caption-title=\"Prof. Dr. Reinhold Sackmann\" data-attachment-id=\"115\" data-type=\"iframe\" class=\"fg-thumb\"><span class=\"fg-image-wrap\"><img fetchpriority=\"high\" decoding=\"async\" height=\"300\" width=\"449\" class=\"skip-lazy fg-image\" data-src-fg=\"https:\/\/wifunsa.de\/blog\/wp-content\/uploads\/cache\/2026\/02\/Sackmann\/3265829035.jpeg\" src=\"data:image\/svg+xml,%3Csvg%20xmlns%3D%22http%3A%2F%2Fwww.w3.org%2F2000%2Fsvg%22%20width%3D%22449%22%20height%3D%22300%22%20viewBox%3D%220%200%20449%20300%22%3E%3C%2Fsvg%3E\" loading=\"eager\"><\/span><span class=\"fg-image-overlay\"><\/span><\/a><figcaption class=\"fg-caption\"><div class=\"fg-caption-inner\"><div class=\"fg-caption-title\">Prof. Dr. Reinhold Sackmann<\/div><div class=\"fg-caption-desc\">(Soziologie)<\/div><\/div><\/figcaption><\/figure><div class=\"fg-loader\"><\/div><\/div><div class=\"fg-item fg-type-iframe fg-idle\"><figure class=\"fg-item-inner\"><a href=\"https:\/\/wifunsa.de\/blog\/index.php\/prof-bose\/\" data-caption-desc=\"(Sprechwissenschaft)\" data-caption-title=\"Prof. Dr. Ines Bose\" data-attachment-id=\"160\" data-type=\"iframe\" class=\"fg-thumb\"><span class=\"fg-image-wrap\"><img decoding=\"async\" height=\"300\" width=\"240\" class=\"skip-lazy fg-image\" data-src-fg=\"https:\/\/wifunsa.de\/blog\/wp-content\/uploads\/cache\/2026\/02\/Bose\/1246310460.jpg\" src=\"data:image\/svg+xml,%3Csvg%20xmlns%3D%22http%3A%2F%2Fwww.w3.org%2F2000%2Fsvg%22%20width%3D%22240%22%20height%3D%22300%22%20viewBox%3D%220%200%20240%20300%22%3E%3C%2Fsvg%3E\" loading=\"eager\"><\/span><span class=\"fg-image-overlay\"><\/span><\/a><figcaption class=\"fg-caption\"><div class=\"fg-caption-inner\"><div class=\"fg-caption-title\">Prof. Dr. Ines Bose<\/div><div class=\"fg-caption-desc\">(Sprechwissenschaft)<\/div><\/div><\/figcaption><\/figure><div class=\"fg-loader\"><\/div><\/div><div class=\"fg-item fg-type-iframe fg-idle\"><figure class=\"fg-item-inner\"><a href=\"https:\/\/wifunsa.de\/blog\/index.php\/prof-mierendorff\/\" data-caption-desc=\"(Erziehungswissenschaft)\" data-caption-title=\"Prof. Dr. Johanna Mierendorff\" data-attachment-id=\"112\" data-type=\"iframe\" class=\"fg-thumb\"><span class=\"fg-image-wrap\"><img decoding=\"async\" height=\"300\" width=\"449\" class=\"skip-lazy fg-image\" data-src-fg=\"https:\/\/wifunsa.de\/blog\/wp-content\/uploads\/cache\/2026\/02\/Mierendorff\/3584616254.jpeg\" src=\"data:image\/svg+xml,%3Csvg%20xmlns%3D%22http%3A%2F%2Fwww.w3.org%2F2000%2Fsvg%22%20width%3D%22449%22%20height%3D%22300%22%20viewBox%3D%220%200%20449%20300%22%3E%3C%2Fsvg%3E\" loading=\"eager\"><\/span><span class=\"fg-image-overlay\"><\/span><\/a><figcaption class=\"fg-caption\"><div class=\"fg-caption-inner\"><div class=\"fg-caption-title\">Prof. Dr. Johanna Mierendorff<\/div><div class=\"fg-caption-desc\">(Erziehungswissenschaft)<\/div><\/div><\/figcaption><\/figure><div class=\"fg-loader\"><\/div><\/div><div class=\"fg-item fg-type-iframe fg-idle\"><figure class=\"fg-item-inner\"><a href=\"https:\/\/wifunsa.de\/blog\/index.php\/prof-rosenau\/\" data-caption-desc=\"(Strafrecht, Strafprozessrecht und Medizinrecht)\" data-caption-title=\"Prof. Dr. Henning Rosenau\" data-attachment-id=\"114\" data-type=\"iframe\" class=\"fg-thumb\"><span class=\"fg-image-wrap\"><img decoding=\"async\" height=\"300\" width=\"240\" class=\"skip-lazy fg-image\" data-src-fg=\"https:\/\/wifunsa.de\/blog\/wp-content\/uploads\/cache\/2026\/02\/Rosenau\/3476966150.jpeg\" src=\"data:image\/svg+xml,%3Csvg%20xmlns%3D%22http%3A%2F%2Fwww.w3.org%2F2000%2Fsvg%22%20width%3D%22240%22%20height%3D%22300%22%20viewBox%3D%220%200%20240%20300%22%3E%3C%2Fsvg%3E\" loading=\"eager\"><\/span><span class=\"fg-image-overlay\"><\/span><\/a><figcaption class=\"fg-caption\"><div class=\"fg-caption-inner\"><div class=\"fg-caption-title\">Prof. Dr. Henning Rosenau<\/div><div class=\"fg-caption-desc\">(Strafrecht, Strafprozessrecht und Medizinrecht)<\/div><\/div><\/figcaption><\/figure><div class=\"fg-loader\"><\/div><\/div><div class=\"fg-item fg-type-iframe fg-idle\"><figure class=\"fg-item-inner\"><a href=\"https:\/\/wifunsa.de\/blog\/index.php\/prof-kloesgen\/\" data-caption-desc=\"(Biologie)\" data-caption-title=\"Prof. Dr. Ralf Bernd Kl\u00f6sgen\" data-attachment-id=\"111\" data-type=\"iframe\" class=\"fg-thumb\"><span class=\"fg-image-wrap\"><img decoding=\"async\" height=\"300\" width=\"449\" class=\"skip-lazy fg-image\" data-src-fg=\"https:\/\/wifunsa.de\/blog\/wp-content\/uploads\/cache\/2026\/02\/Kloesgen\/1623722610.jpeg\" src=\"data:image\/svg+xml,%3Csvg%20xmlns%3D%22http%3A%2F%2Fwww.w3.org%2F2000%2Fsvg%22%20width%3D%22449%22%20height%3D%22300%22%20viewBox%3D%220%200%20449%20300%22%3E%3C%2Fsvg%3E\" loading=\"eager\"><\/span><span class=\"fg-image-overlay\"><\/span><\/a><figcaption class=\"fg-caption\"><div class=\"fg-caption-inner\"><div class=\"fg-caption-title\">Prof. Dr. Ralf Bernd Kl\u00f6sgen<\/div><div class=\"fg-caption-desc\">(Biologie)<\/div><\/div><\/figcaption><\/figure><div class=\"fg-loader\"><\/div><\/div><div class=\"fg-item fg-type-iframe fg-idle\"><figure class=\"fg-item-inner\"><a href=\"https:\/\/wifunsa.de\/blog\/index.php\/prof-hanschel\/\" data-caption-desc=\"(Deutsches, Europ\u00e4isches und Internationales \u00d6ffentliches Recht)\" data-caption-title=\"Prof. Dr. Dirk Hanschel\" data-attachment-id=\"110\" data-type=\"iframe\" class=\"fg-thumb\"><span class=\"fg-image-wrap\"><img decoding=\"async\" height=\"300\" width=\"240\" class=\"skip-lazy fg-image\" data-src-fg=\"https:\/\/wifunsa.de\/blog\/wp-content\/uploads\/cache\/2026\/02\/Hanschel\/756863746.jpeg\" src=\"data:image\/svg+xml,%3Csvg%20xmlns%3D%22http%3A%2F%2Fwww.w3.org%2F2000%2Fsvg%22%20width%3D%22240%22%20height%3D%22300%22%20viewBox%3D%220%200%20240%20300%22%3E%3C%2Fsvg%3E\" loading=\"eager\"><\/span><span class=\"fg-image-overlay\"><\/span><\/a><figcaption class=\"fg-caption\"><div class=\"fg-caption-inner\"><div class=\"fg-caption-title\">Prof. Dr. Dirk Hanschel<\/div><div class=\"fg-caption-desc\">(Deutsches, Europ\u00e4isches und Internationales \u00d6ffentliches Recht)<\/div><\/div><\/figcaption><\/figure><div class=\"fg-loader\"><\/div><\/div><div class=\"fg-item fg-type-iframe fg-idle\"><figure class=\"fg-item-inner\"><a href=\"https:\/\/wifunsa.de\/blog\/index.php\/prof-germann\/\" data-caption-desc=\"(\u00d6ffentliches Recht, Staatskirchenrecht und Kirchenrecht)\" data-caption-title=\"Prof. Dr. Michael Germann\" data-attachment-id=\"109\" data-type=\"iframe\" class=\"fg-thumb\"><span class=\"fg-image-wrap\"><img decoding=\"async\" height=\"300\" width=\"449\" class=\"skip-lazy fg-image\" data-src-fg=\"https:\/\/wifunsa.de\/blog\/wp-content\/uploads\/cache\/2026\/02\/Germann\/4068131936.jpeg\" src=\"data:image\/svg+xml,%3Csvg%20xmlns%3D%22http%3A%2F%2Fwww.w3.org%2F2000%2Fsvg%22%20width%3D%22449%22%20height%3D%22300%22%20viewBox%3D%220%200%20449%20300%22%3E%3C%2Fsvg%3E\" loading=\"eager\"><\/span><span class=\"fg-image-overlay\"><\/span><\/a><figcaption class=\"fg-caption\"><div class=\"fg-caption-inner\"><div class=\"fg-caption-title\">Prof. Dr. Michael Germann<\/div><div class=\"fg-caption-desc\">(\u00d6ffentliches Recht, Staatskirchenrecht und Kirchenrecht)<\/div><\/div><\/figcaption><\/figure><div class=\"fg-loader\"><\/div><\/div><div class=\"fg-item fg-type-iframe fg-idle\"><figure class=\"fg-item-inner\"><a href=\"https:\/\/wifunsa.de\/blog\/index.php\/prof-behrens\/\" data-caption-desc=\"(Biochemie &amp;amp; Biotechnologie)\" data-caption-title=\"Prof. Dr. Sven-Erik Behrens\" data-attachment-id=\"108\" data-type=\"iframe\" class=\"fg-thumb\"><span class=\"fg-image-wrap\"><img decoding=\"async\" height=\"300\" width=\"240\" class=\"skip-lazy fg-image\" data-src-fg=\"https:\/\/wifunsa.de\/blog\/wp-content\/uploads\/cache\/2026\/02\/Behrens\/1059792350.jpeg\" src=\"data:image\/svg+xml,%3Csvg%20xmlns%3D%22http%3A%2F%2Fwww.w3.org%2F2000%2Fsvg%22%20width%3D%22240%22%20height%3D%22300%22%20viewBox%3D%220%200%20240%20300%22%3E%3C%2Fsvg%3E\" loading=\"eager\"><\/span><span class=\"fg-image-overlay\"><\/span><\/a><figcaption class=\"fg-caption\"><div class=\"fg-caption-inner\"><div class=\"fg-caption-title\">Prof. Dr. Sven-Erik Behrens<\/div><div class=\"fg-caption-desc\">(Biochemie &amp; Biotechnologie)<\/div><\/div><\/figcaption><\/figure><div class=\"fg-loader\"><\/div><\/div><div class=\"fg-item fg-type-iframe fg-idle\"><figure class=\"fg-item-inner\"><a href=\"https:\/\/wifunsa.de\/blog\/index.php\/prof-mueller-hannemann\/\" data-caption-desc=\"(Informatik)\" data-caption-title=\"Prof. Dr. Matthias M\u00fcller-Hannemann\" data-attachment-id=\"113\" data-type=\"iframe\" class=\"fg-thumb\"><span class=\"fg-image-wrap\"><img decoding=\"async\" height=\"300\" width=\"240\" class=\"skip-lazy fg-image\" data-src-fg=\"https:\/\/wifunsa.de\/blog\/wp-content\/uploads\/cache\/2026\/02\/Mueller-Hannemann\/3384999883.jpeg\" src=\"data:image\/svg+xml,%3Csvg%20xmlns%3D%22http%3A%2F%2Fwww.w3.org%2F2000%2Fsvg%22%20width%3D%22240%22%20height%3D%22300%22%20viewBox%3D%220%200%20240%20300%22%3E%3C%2Fsvg%3E\" loading=\"eager\"><\/span><span class=\"fg-image-overlay\"><\/span><\/a><figcaption class=\"fg-caption\"><div class=\"fg-caption-inner\"><div class=\"fg-caption-title\">Prof. Dr. Matthias M\u00fcller-Hannemann<\/div><div class=\"fg-caption-desc\">(Informatik)<\/div><\/div><\/figcaption><\/figure><div class=\"fg-loader\"><\/div><\/div><div class=\"fg-item fg-type-iframe fg-idle\"><figure class=\"fg-item-inner\"><a href=\"https:\/\/wifunsa.de\/blog\/index.php\/pd-bartl\/\" data-caption-desc=\"(Soziologie)\" data-caption-title=\"PD Dr. Walter Bartl\" data-attachment-id=\"233\" data-type=\"iframe\" class=\"fg-thumb\"><span class=\"fg-image-wrap\"><img decoding=\"async\" height=\"300\" width=\"449\" class=\"skip-lazy fg-image\" data-src-fg=\"https:\/\/wifunsa.de\/blog\/wp-content\/uploads\/cache\/2026\/03\/Bartl_DSC_3181_L\/3309292033.jpg\" src=\"data:image\/svg+xml,%3Csvg%20xmlns%3D%22http%3A%2F%2Fwww.w3.org%2F2000%2Fsvg%22%20width%3D%22449%22%20height%3D%22300%22%20viewBox%3D%220%200%20449%20300%22%3E%3C%2Fsvg%3E\" loading=\"eager\"><\/span><span class=\"fg-image-overlay\"><\/span><\/a><figcaption class=\"fg-caption\"><div class=\"fg-caption-inner\"><div class=\"fg-caption-title\">PD Dr. Walter Bartl<\/div><div class=\"fg-caption-desc\">(Soziologie)<\/div><\/div><\/figcaption><\/figure><div class=\"fg-loader\"><\/div><\/div><div class=\"fg-item fg-type-iframe fg-idle\"><figure class=\"fg-item-inner\"><a href=\"https:\/\/wifunsa.de\/blog\/index.php\/prof-schmidt\" data-caption-desc=\"(Physik)\" data-caption-title=\"Prof. Dr. Georg Schmidt\" data-attachment-id=\"238\" data-type=\"iframe\" class=\"fg-thumb\"><span class=\"fg-image-wrap\"><img decoding=\"async\" height=\"300\" width=\"240\" class=\"skip-lazy fg-image\" data-src-fg=\"https:\/\/wifunsa.de\/blog\/wp-content\/uploads\/cache\/2026\/03\/Schmidt_DSC_2915_PP-scaled\/1565623484.jpg\" src=\"data:image\/svg+xml,%3Csvg%20xmlns%3D%22http%3A%2F%2Fwww.w3.org%2F2000%2Fsvg%22%20width%3D%22240%22%20height%3D%22300%22%20viewBox%3D%220%200%20240%20300%22%3E%3C%2Fsvg%3E\" loading=\"eager\"><\/span><span class=\"fg-image-overlay\"><\/span><\/a><figcaption class=\"fg-caption\"><div class=\"fg-caption-inner\"><div class=\"fg-caption-title\">Prof. Dr. Georg Schmidt<\/div><div class=\"fg-caption-desc\">(Physik)<\/div><\/div><\/figcaption><\/figure><div class=\"fg-loader\"><\/div><\/div><div class=\"fg-item fg-type-iframe fg-idle\"><figure class=\"fg-item-inner\"><a href=\"https:\/\/wifunsa.de\/blog\/index.php\/prof-stengel\/\" data-caption-desc=\"(Theologie)\" data-caption-title=\"Prof. Dr. Friedemann Stengel\" data-attachment-id=\"242\" data-type=\"iframe\" class=\"fg-thumb\"><span class=\"fg-image-wrap\"><img decoding=\"async\" height=\"300\" width=\"449\" class=\"skip-lazy fg-image\" data-src-fg=\"https:\/\/wifunsa.de\/blog\/wp-content\/uploads\/cache\/2026\/03\/Stengel_DSC_3597_L\/3154038768.jpg\" src=\"data:image\/svg+xml,%3Csvg%20xmlns%3D%22http%3A%2F%2Fwww.w3.org%2F2000%2Fsvg%22%20width%3D%22449%22%20height%3D%22300%22%20viewBox%3D%220%200%20449%20300%22%3E%3C%2Fsvg%3E\" loading=\"eager\"><\/span><span class=\"fg-image-overlay\"><\/span><\/a><figcaption class=\"fg-caption\"><div class=\"fg-caption-inner\"><div class=\"fg-caption-title\">Prof. Dr. Friedemann Stengel<\/div><div class=\"fg-caption-desc\">(Theologie)<\/div><\/div><\/figcaption><\/figure><div class=\"fg-loader\"><\/div><\/div><\/div>\n\n\n\n\n<hr class=\"wp-block-separator has-alpha-channel-opacity is-style-wide\" style=\"margin-top:var(--wp--preset--spacing--60);margin-bottom:var(--wp--preset--spacing--60)\"\/>\n\n\n\n<div class=\"wp-block-buttons is-layout-flex wp-block-buttons-is-layout-flex\">\n<div class=\"wp-block-button\"><a class=\"wp-block-button__link wp-element-button\" href=\"https:\/\/wifunsa.de\/blog\/index.php\/rent-a-prof-interessiert\/\">Interessiert?<\/a><\/div>\n<\/div>\n\n\n\n<p><\/p>\n","protected":false},"excerpt":{"rendered":"<p>Was k\u00f6nnen Sch\u00fcler und Wissenschaftler voneinander lernen? Wir sind eine Gruppe von Wissenschaftlern, die sich gemeinsam vorgenommen haben, mit Sch\u00fclern ins Gespr\u00e4ch zu kommen. Was kann Wissenschaft und was kann sie nicht? Warum haben Wissenschaftler so oft unterschiedliche Meinungen? Was machen Wissenschaftler eigentlich den ganzen Tag? Und brauchen wir sie \u00fcberhaupt? \u00dcber diese und viele <a class=\"more-link\" href=\"https:\/\/wifunsa.de\/blog\/index.php\/rent-a-prof\/\">Weiterlesen\u00a0\u2026<\/a><\/p>\n","protected":false},"author":1,"featured_media":0,"parent":0,"menu_order":0,"comment_status":"closed","ping_status":"closed","template":"","meta":{"footnotes":""},"class_list":["post-105","page","type-page","status-publish","hentry"],"_links":{"self":[{"href":"https:\/\/wifunsa.de\/blog\/index.php\/wp-json\/wp\/v2\/pages\/105","targetHints":{"allow":["GET"]}}],"collection":[{"href":"https:\/\/wifunsa.de\/blog\/index.php\/wp-json\/wp\/v2\/pages"}],"about":[{"href":"https:\/\/wifunsa.de\/blog\/index.php\/wp-json\/wp\/v2\/types\/page"}],"author":[{"embeddable":true,"href":"https:\/\/wifunsa.de\/blog\/index.php\/wp-json\/wp\/v2\/users\/1"}],"replies":[{"embeddable":true,"href":"https:\/\/wifunsa.de\/blog\/index.php\/wp-json\/wp\/v2\/comments?post=105"}],"version-history":[{"count":5,"href":"https:\/\/wifunsa.de\/blog\/index.php\/wp-json\/wp\/v2\/pages\/105\/revisions"}],"predecessor-version":[{"id":269,"href":"https:\/\/wifunsa.de\/blog\/index.php\/wp-json\/wp\/v2\/pages\/105\/revisions\/269"}],"wp:attachment":[{"href":"https:\/\/wifunsa.de\/blog\/index.php\/wp-json\/wp\/v2\/media?parent=105"}],"curies":[{"name":"wp","href":"https:\/\/api.w.org\/{rel}","templated":true}]}}