{"id":146,"date":"2026-02-21T17:16:07","date_gmt":"2026-02-21T17:16:07","guid":{"rendered":"https:\/\/wifunsa.de\/blog\/?page_id=146"},"modified":"2026-03-19T19:27:31","modified_gmt":"2026-03-19T19:27:31","slug":"prof-sackmann","status":"publish","type":"page","link":"https:\/\/wifunsa.de\/blog\/index.php\/prof-sackmann\/","title":{"rendered":"Prof. Dr. Reinhold Sackmann"},"content":{"rendered":"\n<h4 class=\"wp-block-heading\">Soziologie<\/h4>\n\n\n\n<hr class=\"wp-block-separator has-alpha-channel-opacity is-style-wide\" style=\"margin-top:var(--wp--preset--spacing--60);margin-bottom:var(--wp--preset--spacing--60)\"\/>\n\n\n\n<div class=\"wp-block-media-text is-stacked-on-mobile\"><figure class=\"wp-block-media-text__media\"><img loading=\"lazy\" decoding=\"async\" width=\"596\" height=\"398\" src=\"https:\/\/wifunsa.de\/blog\/wp-content\/uploads\/2026\/02\/Sackmann.jpeg\" alt=\"\" class=\"wp-image-115 size-full\" srcset=\"https:\/\/wifunsa.de\/blog\/wp-content\/uploads\/2026\/02\/Sackmann.jpeg 596w, https:\/\/wifunsa.de\/blog\/wp-content\/uploads\/2026\/02\/Sackmann-300x200.jpeg 300w\" sizes=\"auto, (max-width: 596px) 100vw, 596px\" \/><\/figure><div class=\"wp-block-media-text__content\">\n<p><strong>1. Warum wollen Sie mit Sch\u00fclern reden?<\/strong><\/p>\n\n\n\n<p>Ich m\u00f6chte gerne von Ihnen h\u00f6ren, wie es Ihnen im Land Sachsen-Anhalt geht. Im Austausch w\u00fcrde ich gerne mit Ihnen gemeinsam herausfinden, ob wir \u00e4hnliche Dinge angenehm oder \u00fcbel finden.<\/p>\n<\/div><\/div>\n\n\n\n<p><strong>2. Warum sind Sie Wissenschaftler geworden?<\/strong><\/p>\n\n\n\n<p>Ich bin ein neugieriger Mensch, von daher hat mir Wissenschaft fr\u00fch Spa\u00df gemacht. Beim Weg in die Gesellschaftwissenschaften haben auch Zuf\u00e4lle eine Rolle gespielt, habe dabei aber immer wieder spannende Themen gefunden.<\/p>\n\n\n\n<p><strong>3. Wof\u00fcr brauchen wir Wissenschaft?<\/strong><\/p>\n\n\n\n<p>Die Soziologie zeigt empirisch und ungesch\u00f6nt, wie unsere soziale Welt ist, und wie sie funktioniert. Das hilft gegen L\u00fcgengeschichten und ist n\u00fctzlich, f\u00fcr alle, die die Welt ver\u00e4ndern wollen.<\/p>\n\n\n\n<p><strong>4. Wof\u00fcr interessieren Sie sich au\u00dfer f\u00fcr Wissenschaft?<\/strong><\/p>\n\n\n\n<p>Filme, Romane, japanische Schriftzeichen, gutes Essen, Wandern, Natur, Kunst.<\/p>\n\n\n\n<p><strong>5. Wenn Sie Bundeskanzler w\u00e4ren, was w\u00fcrden Sie tun?<\/strong><\/p>\n\n\n\n<p>Ich w\u00fcrde eine Erbschaftssteuer anstreben, die den Namen verdient. Aus den Einnahmen w\u00fcrde ich jedem in Deutschland geborenen 25j\u00e4hrigen ein Startkapital geben.<\/p>\n\n\n\n<p><strong>6. Welchen Rat w\u00fcrden Sie Sch\u00fclern f\u00fcr die Berufswahl geben?<\/strong><\/p>\n\n\n\n<p>Es gibt keinen optimalen Beruf. Aber in jedem Beruf kann man Leidenschaft entwickeln, die einem selbst die unangenehmen Seiten dieses Berufs ertr\u00e4glich machen.<\/p>\n\n\n\n<div class=\"wp-block-buttons is-layout-flex wp-block-buttons-is-layout-flex\">\n<div class=\"wp-block-button\"><a class=\"wp-block-button__link wp-element-button\" href=\"https:\/\/wifunsa.de\/blog\/index.php\/rent-a-prof-interessiert\/\">Interessiert?<\/a><\/div>\n<\/div>\n","protected":false},"excerpt":{"rendered":"<p>Soziologie 1. Warum wollen Sie mit Sch\u00fclern reden? Ich m\u00f6chte gerne von Ihnen h\u00f6ren, wie es Ihnen im Land Sachsen-Anhalt geht. Im Austausch w\u00fcrde ich gerne mit Ihnen gemeinsam herausfinden, ob wir \u00e4hnliche Dinge angenehm oder \u00fcbel finden. 2. Warum sind Sie Wissenschaftler geworden? Ich bin ein neugieriger Mensch, von daher hat mir Wissenschaft fr\u00fch <a class=\"more-link\" href=\"https:\/\/wifunsa.de\/blog\/index.php\/prof-sackmann\/\">Weiterlesen\u00a0\u2026<\/a><\/p>\n","protected":false},"author":1,"featured_media":0,"parent":0,"menu_order":0,"comment_status":"closed","ping_status":"closed","template":"","meta":{"footnotes":""},"class_list":["post-146","page","type-page","status-publish","hentry"],"_links":{"self":[{"href":"https:\/\/wifunsa.de\/blog\/index.php\/wp-json\/wp\/v2\/pages\/146","targetHints":{"allow":["GET"]}}],"collection":[{"href":"https:\/\/wifunsa.de\/blog\/index.php\/wp-json\/wp\/v2\/pages"}],"about":[{"href":"https:\/\/wifunsa.de\/blog\/index.php\/wp-json\/wp\/v2\/types\/page"}],"author":[{"embeddable":true,"href":"https:\/\/wifunsa.de\/blog\/index.php\/wp-json\/wp\/v2\/users\/1"}],"replies":[{"embeddable":true,"href":"https:\/\/wifunsa.de\/blog\/index.php\/wp-json\/wp\/v2\/comments?post=146"}],"version-history":[{"count":10,"href":"https:\/\/wifunsa.de\/blog\/index.php\/wp-json\/wp\/v2\/pages\/146\/revisions"}],"predecessor-version":[{"id":265,"href":"https:\/\/wifunsa.de\/blog\/index.php\/wp-json\/wp\/v2\/pages\/146\/revisions\/265"}],"wp:attachment":[{"href":"https:\/\/wifunsa.de\/blog\/index.php\/wp-json\/wp\/v2\/media?parent=146"}],"curies":[{"name":"wp","href":"https:\/\/api.w.org\/{rel}","templated":true}]}}