{"id":196,"date":"2026-02-22T09:33:09","date_gmt":"2026-02-22T09:33:09","guid":{"rendered":"https:\/\/wifunsa.de\/blog\/?page_id=196"},"modified":"2026-03-19T19:26:27","modified_gmt":"2026-03-19T19:26:27","slug":"prof-mierendorff","status":"publish","type":"page","link":"https:\/\/wifunsa.de\/blog\/index.php\/prof-mierendorff\/","title":{"rendered":"Prof. Dr. Johanna Mierendorff"},"content":{"rendered":"\n<h4 class=\"wp-block-heading\">Erziehungswissenschaft<\/h4>\n\n\n\n<hr class=\"wp-block-separator has-alpha-channel-opacity is-style-wide\" style=\"margin-top:var(--wp--preset--spacing--60);margin-bottom:var(--wp--preset--spacing--60)\"\/>\n\n\n\n<div class=\"wp-block-media-text is-stacked-on-mobile\"><figure class=\"wp-block-media-text__media\"><img loading=\"lazy\" decoding=\"async\" width=\"1024\" height=\"684\" src=\"https:\/\/wifunsa.de\/blog\/wp-content\/uploads\/2026\/02\/Mierendorff.jpeg\" alt=\"\" class=\"wp-image-112 size-full\" srcset=\"https:\/\/wifunsa.de\/blog\/wp-content\/uploads\/2026\/02\/Mierendorff.jpeg 1024w, https:\/\/wifunsa.de\/blog\/wp-content\/uploads\/2026\/02\/Mierendorff-300x200.jpeg 300w, https:\/\/wifunsa.de\/blog\/wp-content\/uploads\/2026\/02\/Mierendorff-768x513.jpeg 768w\" sizes=\"auto, (max-width: 1024px) 100vw, 1024px\" \/><\/figure><div class=\"wp-block-media-text__content\">\n<p><strong>1. Warum wollen Sie mit Sch\u00fclern reden?<\/strong><\/p>\n\n\n\n<p>In meiner Forschung bin ich interessiert an den Themen Kindheit und Kindertagesbetreuung im Wandel sowie Kinderarmut. Es ist wichtig in diesem Themenfeld nicht nur alte Hasen zu befragen, sondern diejenigen, die noch nahe an Kindheit und Jugend dran sind. <\/p>\n<\/div><\/div>\n\n\n\n<p>Welche Sorgen haben junge Menschen in Bezug auf das Kindsein, das Erwachsenwerden und m\u00f6gliche Bildungswege? Was erwarten sie in Bezug auf die Ausbildung im Sozial- und Pflegebereich?<\/p>\n\n\n\n<p><strong>2. Warum sind Sie Wissenschaftler geworden?<\/strong><br>Eigentlich war das nicht mein Plan. Meine Eltern wollten, dass ich Erzieherin werde. Bereits als Jugendliche habe ich Jugendgruppen geleitet. Gemeinsam mit anderen Jugendlichen haben wir Nachmittage und Ferienfahrten organisiert (ohne Erwachsene!). Seit dieser Zeit haben mich Fragen der Erziehung und des manchmal nicht einfachen Aufwachsens von Kindern interessiert. So habe ich den Mut gefunden, zu studieren. Dozentinnen an der Uni und Wissenschaftlerinnen am Max-Planck-Institut f\u00fcr Bildungsforschung haben mich dann am Ende des Studiums ermuntert nicht aufzuh\u00f6ren, sondern wissenschaftlich weiterzuarbeiten. Meine kleine Studie im Rahmen der Abschlussarbeit hat mir so viel Spa\u00df bereitet, dass ich weiter wissenschaftlich arbeiten wollte.<\/p>\n\n\n\n<p>3. <strong>Wof\u00fcr brauchen wir Wissenschaft?<\/strong><br>Wir brauchen die Bildungs- und Erziehungswissenschaft verstehen zu k\u00f6nnen, wie sich Kinder entwickeln, wie Familien zusammenleben und ihren Alltag gestalten, wie Erziehung unter heutigen Bedingungen \u00fcberhaupt m\u00f6glich wird. Vor allem aber, wie man aus Fehlern lernen kann. Wir Erziehungswissenschaftler setzen uns mit einer reflexiven P\u00e4dagogik auseinander, die zum einen Bedingungen des Aufwachsens, und zum anderen das eigene p\u00e4dagogische Handeln und dessen Konsequenzen in den Blick nimmt.<\/p>\n\n\n\n<p><strong>4. Wof\u00fcr interessieren Sie sich au\u00dfer f\u00fcr Wissenschaft?<\/strong><br>Tagelanges Wandern im Gebirge und H\u00f6rspiele h\u00f6ren.<\/p>\n\n\n\n<p><strong>5. Wenn Sie Bundeskanzler w\u00e4ren, was w\u00fcrden Sie tun?<\/strong><br>Mit Kindern, Jugendlichen und jungen Erwachsenen direkt ins Gespr\u00e4ch kommen, um deren Perspektive zu verstehen, und daraus wirklich Schl\u00fcsse f\u00fcr politisches Handeln zu ziehen.<\/p>\n\n\n\n<p><strong>6. Welchen Rat w\u00fcrden Sie Sch\u00fclern f\u00fcr die Berufswahl geben?<\/strong><br>Der Beruf sollte einen \u00fcber viele Jahre tragen. Aber nicht immer ist die Ausbildung m\u00f6glich, die man sich w\u00fcnscht. Was dann? Dann entweder das Beste daraus machen oder aber den Mut haben, was Neues zu suchen.<\/p>\n\n\n\n<div class=\"wp-block-buttons is-layout-flex wp-block-buttons-is-layout-flex\">\n<div class=\"wp-block-button\"><a class=\"wp-block-button__link wp-element-button\" href=\"https:\/\/wifunsa.de\/blog\/index.php\/rent-a-prof-interessiert\/\">Interessiert?<\/a><\/div>\n<\/div>\n","protected":false},"excerpt":{"rendered":"<p>Erziehungswissenschaft 1. Warum wollen Sie mit Sch\u00fclern reden? In meiner Forschung bin ich interessiert an den Themen Kindheit und Kindertagesbetreuung im Wandel sowie Kinderarmut. Es ist wichtig in diesem Themenfeld nicht nur alte Hasen zu befragen, sondern diejenigen, die noch nahe an Kindheit und Jugend dran sind. Welche Sorgen haben junge Menschen in Bezug auf <a class=\"more-link\" href=\"https:\/\/wifunsa.de\/blog\/index.php\/prof-mierendorff\/\">Weiterlesen\u00a0\u2026<\/a><\/p>\n","protected":false},"author":1,"featured_media":0,"parent":0,"menu_order":0,"comment_status":"closed","ping_status":"closed","template":"","meta":{"footnotes":""},"class_list":["post-196","page","type-page","status-publish","hentry"],"_links":{"self":[{"href":"https:\/\/wifunsa.de\/blog\/index.php\/wp-json\/wp\/v2\/pages\/196","targetHints":{"allow":["GET"]}}],"collection":[{"href":"https:\/\/wifunsa.de\/blog\/index.php\/wp-json\/wp\/v2\/pages"}],"about":[{"href":"https:\/\/wifunsa.de\/blog\/index.php\/wp-json\/wp\/v2\/types\/page"}],"author":[{"embeddable":true,"href":"https:\/\/wifunsa.de\/blog\/index.php\/wp-json\/wp\/v2\/users\/1"}],"replies":[{"embeddable":true,"href":"https:\/\/wifunsa.de\/blog\/index.php\/wp-json\/wp\/v2\/comments?post=196"}],"version-history":[{"count":4,"href":"https:\/\/wifunsa.de\/blog\/index.php\/wp-json\/wp\/v2\/pages\/196\/revisions"}],"predecessor-version":[{"id":260,"href":"https:\/\/wifunsa.de\/blog\/index.php\/wp-json\/wp\/v2\/pages\/196\/revisions\/260"}],"wp:attachment":[{"href":"https:\/\/wifunsa.de\/blog\/index.php\/wp-json\/wp\/v2\/media?parent=196"}],"curies":[{"name":"wp","href":"https:\/\/api.w.org\/{rel}","templated":true}]}}