{"id":198,"date":"2026-02-22T09:35:49","date_gmt":"2026-02-22T09:35:49","guid":{"rendered":"https:\/\/wifunsa.de\/blog\/?page_id=198"},"modified":"2026-03-19T19:27:04","modified_gmt":"2026-03-19T19:27:04","slug":"prof-germann","status":"publish","type":"page","link":"https:\/\/wifunsa.de\/blog\/index.php\/prof-germann\/","title":{"rendered":"Prof. Dr. Michael Germann"},"content":{"rendered":"\n<h4 class=\"wp-block-heading\">\u00d6ffentliches Recht, Staatskirchenrecht und Kirchenrecht<\/h4>\n\n\n\n<hr class=\"wp-block-separator has-alpha-channel-opacity is-style-wide\" style=\"margin-top:var(--wp--preset--spacing--60);margin-bottom:var(--wp--preset--spacing--60)\"\/>\n\n\n\n<div class=\"wp-block-media-text is-stacked-on-mobile\"><figure class=\"wp-block-media-text__media\"><img loading=\"lazy\" decoding=\"async\" width=\"596\" height=\"398\" src=\"https:\/\/wifunsa.de\/blog\/wp-content\/uploads\/2026\/02\/Germann.jpeg\" alt=\"\" class=\"wp-image-109 size-full\" srcset=\"https:\/\/wifunsa.de\/blog\/wp-content\/uploads\/2026\/02\/Germann.jpeg 596w, https:\/\/wifunsa.de\/blog\/wp-content\/uploads\/2026\/02\/Germann-300x200.jpeg 300w\" sizes=\"auto, (max-width: 596px) 100vw, 596px\" \/><\/figure><div class=\"wp-block-media-text__content\">\n<p><strong>1. Warum wollen Sie mit Sch\u00fclern reden?<\/strong><\/p>\n\n\n\n<p>Sie geh\u00f6ren dazu. Das Recht geht uns alle gemeinsam an. Es hilft, friedlich miteinander auszukommen und sich so frei wie m\u00f6glich selbst zu bestimmen. Wir sollten dar\u00fcber reden!<\/p>\n<\/div><\/div>\n\n\n\n<p><strong>2. Warum sind Sie Wissenschaftler geworden?<\/strong><\/p>\n\n\n\n<p>Das war ein Weg mit vielen Weggabeln. Mein Studium hat mir Spa\u00df gemacht. Ich habe gemerkt, da\u00df Jura das richtige f\u00fcr mich ist. Man lernt, das Recht mit Verstand anzuwenden, aber auch, \u00fcber das Recht nachzudenken. Das ist n\u00f6tig, um seinen Sinn erkennen \u2013 und um es einer sinnvollen Kritik zu unterziehen. Das Nachdenken \u00fcber das Recht hat mich dann Schritt f\u00fcr Schritt so begeistert, da\u00df ich bei der Rechtswissenschaft an der Universit\u00e4t geblieben bin.<\/p>\n\n\n\n<p><strong>3. Wof\u00fcr brauchen wir Wissenschaft?<\/strong><\/p>\n\n\n\n<p>\u201eWir\u201c \u2013 also wir als Einzelne und als Gesellschaft und als Menschheit \u2013 sind darauf angewiesen, uns und die Welt um uns zu verstehen. Ohne Wissenschaft k\u00f6nnen wir uns alles nur einbilden, also uns selbst t\u00e4uschen und vor allem: uns von anderen t\u00e4uschen lassen. Wissenschaft ist so vielf\u00e4ltig wie unser Leben, deshalb besteht sie aus vielen verschiedenen Wissenschaften. Wissenschaft ist arbeitsteilig. Auch wer kein B\u00e4cker ist, i\u00dft Brot. Wissenschaft schafft Wissen auch f\u00fcr alle, die (diese) Wissenschaft nicht selbst betreiben.<\/p>\n\n\n\n<p><strong>4. Wof\u00fcr interessieren Sie sich au\u00dfer f\u00fcr Wissenschaft?<\/strong><\/p>\n\n\n\n<p>Tour de France, Essen und Trinken, Politik, Oper und manches mehr.<\/p>\n\n\n\n<p><strong>5. Wenn Sie Bundeskanzler w\u00e4ren, was w\u00fcrden Sie tun?<\/strong><\/p>\n\n\n\n<p>Vor allem w\u00fcrde ich mich dar\u00fcber wundern, da\u00df ich gew\u00e4hlt worden bin! Dann w\u00fcrde ich mich bem\u00fchen, diesem schwierigen Amt gerecht zu werden. Ein Bundeskanzler kann es nicht allen recht machen. Er ist auf viele politische Mitstreiter angewiesen, meistens auch auf gute Kompromisse. Inhaltlich w\u00fcrde ich nicht versprechen, da\u00df sich alle Probleme mit dem einen gro\u00dfen Schlag l\u00f6sen lassen. Und ich w\u00fcrde keinem trauen, der das behauptet. F\u00fcr die vielen gro\u00dfen und kleinen Probleme w\u00fcrde ich entsprechend gro\u00dfe und kleine L\u00f6sungen suchen. Wenn ich danach nicht wiedergew\u00e4hlt w\u00fcrde, w\u00fcrde ich mich nicht wundern.<\/p>\n\n\n\n<p><strong>6. Welchen Rat w\u00fcrden Sie Sch\u00fclern f\u00fcr die Berufswahl geben?<\/strong><\/p>\n\n\n\n<p>Finden Sie heraus, was Sie gut k\u00f6nnen und gerne auch f\u00fcr andere tun. Damit fangen Sie an. Wenn Sie merken, da\u00df Sie etwas anderes besser k\u00f6nnen und lieber tun, gehen Sie in diese Richtung weiter. Wenn es nichts gibt, was Ihnen gef\u00e4llt und ein Auskommen verspricht, finden Sie heraus, was andere n\u00f6tig haben. Das ist eine sichere Methode f\u00fcr eine riesige Auswahl.<\/p>\n\n\n\n<div class=\"wp-block-buttons is-layout-flex wp-block-buttons-is-layout-flex\">\n<div class=\"wp-block-button\"><a class=\"wp-block-button__link wp-element-button\" href=\"https:\/\/wifunsa.de\/blog\/index.php\/rent-a-prof-interessiert\/\">Interessiert?<\/a><\/div>\n<\/div>\n","protected":false},"excerpt":{"rendered":"<p>\u00d6ffentliches Recht, Staatskirchenrecht und Kirchenrecht 1. Warum wollen Sie mit Sch\u00fclern reden? Sie geh\u00f6ren dazu. Das Recht geht uns alle gemeinsam an. Es hilft, friedlich miteinander auszukommen und sich so frei wie m\u00f6glich selbst zu bestimmen. Wir sollten dar\u00fcber reden! 2. Warum sind Sie Wissenschaftler geworden? Das war ein Weg mit vielen Weggabeln. Mein Studium <a class=\"more-link\" href=\"https:\/\/wifunsa.de\/blog\/index.php\/prof-germann\/\">Weiterlesen\u00a0\u2026<\/a><\/p>\n","protected":false},"author":1,"featured_media":0,"parent":0,"menu_order":0,"comment_status":"closed","ping_status":"closed","template":"","meta":{"footnotes":""},"class_list":["post-198","page","type-page","status-publish","hentry"],"_links":{"self":[{"href":"https:\/\/wifunsa.de\/blog\/index.php\/wp-json\/wp\/v2\/pages\/198","targetHints":{"allow":["GET"]}}],"collection":[{"href":"https:\/\/wifunsa.de\/blog\/index.php\/wp-json\/wp\/v2\/pages"}],"about":[{"href":"https:\/\/wifunsa.de\/blog\/index.php\/wp-json\/wp\/v2\/types\/page"}],"author":[{"embeddable":true,"href":"https:\/\/wifunsa.de\/blog\/index.php\/wp-json\/wp\/v2\/users\/1"}],"replies":[{"embeddable":true,"href":"https:\/\/wifunsa.de\/blog\/index.php\/wp-json\/wp\/v2\/comments?post=198"}],"version-history":[{"count":3,"href":"https:\/\/wifunsa.de\/blog\/index.php\/wp-json\/wp\/v2\/pages\/198\/revisions"}],"predecessor-version":[{"id":263,"href":"https:\/\/wifunsa.de\/blog\/index.php\/wp-json\/wp\/v2\/pages\/198\/revisions\/263"}],"wp:attachment":[{"href":"https:\/\/wifunsa.de\/blog\/index.php\/wp-json\/wp\/v2\/media?parent=198"}],"curies":[{"name":"wp","href":"https:\/\/api.w.org\/{rel}","templated":true}]}}