{"id":2,"date":"2025-11-23T09:14:12","date_gmt":"2025-11-23T09:14:12","guid":{"rendered":"https:\/\/wifunsa.de\/blog\/?page_id=2"},"modified":"2026-03-20T17:33:22","modified_gmt":"2026-03-20T17:33:22","slug":"sample-page","status":"publish","type":"page","link":"https:\/\/wifunsa.de\/blog\/","title":{"rendered":"F\u00fcr Wissenschaft, Weltoffenheit und eine starke Demokratie in Sachsen-Anhalt"},"content":{"rendered":"\n<div class=\"wp-block-media-text is-stacked-on-mobile\"><figure class=\"wp-block-media-text__media\"><img loading=\"lazy\" decoding=\"async\" width=\"512\" height=\"512\" src=\"https:\/\/wifunsa.de\/blog\/wp-content\/uploads\/2026\/02\/cropped-cropped-wifunsa_farbig_quad.jpg\" alt=\"\" class=\"wp-image-80 size-full\" srcset=\"https:\/\/wifunsa.de\/blog\/wp-content\/uploads\/2026\/02\/cropped-cropped-wifunsa_farbig_quad.jpg 512w, https:\/\/wifunsa.de\/blog\/wp-content\/uploads\/2026\/02\/cropped-cropped-wifunsa_farbig_quad-300x300.jpg 300w, https:\/\/wifunsa.de\/blog\/wp-content\/uploads\/2026\/02\/cropped-cropped-wifunsa_farbig_quad-150x150.jpg 150w, https:\/\/wifunsa.de\/blog\/wp-content\/uploads\/2026\/02\/cropped-cropped-wifunsa_farbig_quad-270x270.jpg 270w, https:\/\/wifunsa.de\/blog\/wp-content\/uploads\/2026\/02\/cropped-cropped-wifunsa_farbig_quad-192x192.jpg 192w, https:\/\/wifunsa.de\/blog\/wp-content\/uploads\/2026\/02\/cropped-cropped-wifunsa_farbig_quad-180x180.jpg 180w, https:\/\/wifunsa.de\/blog\/wp-content\/uploads\/2026\/02\/cropped-cropped-wifunsa_farbig_quad-32x32.jpg 32w\" sizes=\"auto, (max-width: 512px) 100vw, 512px\" \/><\/figure><div class=\"wp-block-media-text__content\">\n<p>Der Verein &#8222;Wissenschaft f\u00fcr uns in Sachsen-Anhalt e.V.&#8220; wurde 2025 in Halle (Saale) gegr\u00fcndet. Wir m\u00f6chten die Wahlbeteiligung st\u00e4rken und zur Wahl von Parteien aufrufen, die unsere Verfassung sichern und verteidigen.<\/p>\n\n\n\n<p><strong>Sachsen-Anhalt liegt uns am Herzen.<\/strong><\/p>\n\n\n\n<p>Wir m\u00f6chten dazu beitragen, Leistungen der Wissenschaft zu vermitteln, die Wissenschaftsfreiheit zu verteidigen, und einen weltoffenen Austausch von Wissen und Wissenschaftlern zu erm\u00f6glichen.<br>Zur Umsetzung dieser Ziele plant der Verein unterschiedlichste Aktivit\u00e4ten.<\/p>\n<\/div><\/div>\n\n\n\n<p>Folgen Sie uns auch auf <a href=\"https:\/\/www.linkedin.com\/company\/wifunsa\/\">LinkedIn<\/a>!<\/p>\n\n\n\n<p><\/p>\n","protected":false},"excerpt":{"rendered":"<p>Der Verein &#8222;Wissenschaft f\u00fcr uns in Sachsen-Anhalt e.V.&#8220; wurde 2025 in Halle (Saale) gegr\u00fcndet. Wir m\u00f6chten die Wahlbeteiligung st\u00e4rken und zur Wahl von Parteien aufrufen, die unsere Verfassung sichern und verteidigen. Sachsen-Anhalt liegt uns am Herzen. Wir m\u00f6chten dazu beitragen, Leistungen der Wissenschaft zu vermitteln, die Wissenschaftsfreiheit zu verteidigen, und einen weltoffenen Austausch von Wissen <a class=\"more-link\" href=\"https:\/\/wifunsa.de\/blog\/\">Weiterlesen\u00a0\u2026<\/a><\/p>\n","protected":false},"author":1,"featured_media":0,"parent":0,"menu_order":0,"comment_status":"closed","ping_status":"open","template":"","meta":{"footnotes":""},"class_list":["post-2","page","type-page","status-publish","hentry"],"_links":{"self":[{"href":"https:\/\/wifunsa.de\/blog\/index.php\/wp-json\/wp\/v2\/pages\/2","targetHints":{"allow":["GET"]}}],"collection":[{"href":"https:\/\/wifunsa.de\/blog\/index.php\/wp-json\/wp\/v2\/pages"}],"about":[{"href":"https:\/\/wifunsa.de\/blog\/index.php\/wp-json\/wp\/v2\/types\/page"}],"author":[{"embeddable":true,"href":"https:\/\/wifunsa.de\/blog\/index.php\/wp-json\/wp\/v2\/users\/1"}],"replies":[{"embeddable":true,"href":"https:\/\/wifunsa.de\/blog\/index.php\/wp-json\/wp\/v2\/comments?post=2"}],"version-history":[{"count":7,"href":"https:\/\/wifunsa.de\/blog\/index.php\/wp-json\/wp\/v2\/pages\/2\/revisions"}],"predecessor-version":[{"id":274,"href":"https:\/\/wifunsa.de\/blog\/index.php\/wp-json\/wp\/v2\/pages\/2\/revisions\/274"}],"wp:attachment":[{"href":"https:\/\/wifunsa.de\/blog\/index.php\/wp-json\/wp\/v2\/media?parent=2"}],"curies":[{"name":"wp","href":"https:\/\/api.w.org\/{rel}","templated":true}]}}