{"id":206,"date":"2026-02-22T09:45:37","date_gmt":"2026-02-22T09:45:37","guid":{"rendered":"https:\/\/wifunsa.de\/blog\/?page_id=206"},"modified":"2026-03-19T19:25:27","modified_gmt":"2026-03-19T19:25:27","slug":"prof-stengel","status":"publish","type":"page","link":"https:\/\/wifunsa.de\/blog\/index.php\/prof-stengel\/","title":{"rendered":"Prof. Dr. Friedemann Stengel"},"content":{"rendered":"\n<h4 class=\"wp-block-heading\">Theologie<\/h4>\n\n\n\n<hr class=\"wp-block-separator has-alpha-channel-opacity is-style-wide\" style=\"margin-top:var(--wp--preset--spacing--60);margin-bottom:var(--wp--preset--spacing--60)\"\/>\n\n\n\n<div class=\"wp-block-media-text is-stacked-on-mobile\"><figure class=\"wp-block-media-text__media\"><img loading=\"lazy\" decoding=\"async\" width=\"1024\" height=\"684\" src=\"https:\/\/wifunsa.de\/blog\/wp-content\/uploads\/2026\/03\/Stengel_DSC_3597_L.jpg\" alt=\"\" class=\"wp-image-242 size-full\" srcset=\"https:\/\/wifunsa.de\/blog\/wp-content\/uploads\/2026\/03\/Stengel_DSC_3597_L.jpg 1024w, https:\/\/wifunsa.de\/blog\/wp-content\/uploads\/2026\/03\/Stengel_DSC_3597_L-300x200.jpg 300w, https:\/\/wifunsa.de\/blog\/wp-content\/uploads\/2026\/03\/Stengel_DSC_3597_L-768x513.jpg 768w\" sizes=\"auto, (max-width: 1024px) 100vw, 1024px\" \/><\/figure><div class=\"wp-block-media-text__content\">\n<p>1. <strong>Warum wollen Sie mit Sch\u00fclern reden?<\/strong><\/p>\n\n\n\n<p>Ich sehe es an meinen eigenen (ziemlich) gro\u00dfen Kindern: wir brauchen und wollen das Gespr\u00e4ch zwischen den Generationen. Denn Ihr habt Erfahrungen, die wir nicht haben. Und wir haben Erfahrungen, die Ihr nicht habt. Ihr habt Ideen, die wir verstehen wollen. Und umgekehrt. Wir m\u00fcssen reden. Denn Zukunft wollen wir alle.<\/p>\n<\/div><\/div>\n\n\n\n<p><strong>2. Warum sind Sie Wissenschaftler geworden?<\/strong><\/p>\n\n\n\n<p>Ich wollte den Dingen auf den Grund gehen. Ich wollte Ver\u00e4nderungen. Ich will etwas dazu beitragen, dass es gerechter und friedlicher zugeht.&nbsp;<\/p>\n\n\n\n<p><strong>3. Wof\u00fcr brauchen wir Wissenschaft?<\/strong><\/p>\n\n\n\n<p>Wir sollen verstehen, auf welchen Grundlagen Gesellschaft und Natur funktionieren. Nur wer versteht, kann ver\u00e4ndern. Erhalten. Und verbessern.<\/p>\n\n\n\n<p><strong>4. Wof\u00fcr interessieren Sie sich au\u00dfer f\u00fcr Wissenschaft?<\/strong><\/p>\n\n\n\n<p>Musik. Zwischen Postpunk und Cool Jazz.<\/p>\n\n\n\n<p><strong>5. Wenn Sie Bundeskanzler w\u00e4ren, was w\u00fcrden Sie tun?<\/strong><\/p>\n\n\n\n<p>Alle Steuerschlupfl\u00f6cher schlie\u00dfen. Dann w\u00e4re genug Geld f\u00fcr alle wichtigen Staatsaufgaben da.<\/p>\n\n\n\n<p><strong>6. Welchen Rat w\u00fcrden Sie Sch\u00fclern f\u00fcr die Berufswahl geben?<\/strong><\/p>\n\n\n\n<p>Sucht Euch etwas aus, das f\u00fcr Euch sinnvoll ist, das Euch herausfordert und Euch Spa\u00df macht.<\/p>\n\n\n\n<div class=\"wp-block-buttons is-layout-flex wp-block-buttons-is-layout-flex\">\n<div class=\"wp-block-button\"><a class=\"wp-block-button__link wp-element-button\" href=\"https:\/\/wifunsa.de\/blog\/index.php\/rent-a-prof-interessiert\/\">Interessiert?<\/a><\/div>\n<\/div>\n","protected":false},"excerpt":{"rendered":"<p>Theologie 1. Warum wollen Sie mit Sch\u00fclern reden? Ich sehe es an meinen eigenen (ziemlich) gro\u00dfen Kindern: wir brauchen und wollen das Gespr\u00e4ch zwischen den Generationen. Denn Ihr habt Erfahrungen, die wir nicht haben. Und wir haben Erfahrungen, die Ihr nicht habt. Ihr habt Ideen, die wir verstehen wollen. Und umgekehrt. Wir m\u00fcssen reden. Denn <a class=\"more-link\" href=\"https:\/\/wifunsa.de\/blog\/index.php\/prof-stengel\/\">Weiterlesen\u00a0\u2026<\/a><\/p>\n","protected":false},"author":1,"featured_media":0,"parent":0,"menu_order":0,"comment_status":"closed","ping_status":"closed","template":"","meta":{"footnotes":""},"class_list":["post-206","page","type-page","status-publish","hentry"],"_links":{"self":[{"href":"https:\/\/wifunsa.de\/blog\/index.php\/wp-json\/wp\/v2\/pages\/206","targetHints":{"allow":["GET"]}}],"collection":[{"href":"https:\/\/wifunsa.de\/blog\/index.php\/wp-json\/wp\/v2\/pages"}],"about":[{"href":"https:\/\/wifunsa.de\/blog\/index.php\/wp-json\/wp\/v2\/types\/page"}],"author":[{"embeddable":true,"href":"https:\/\/wifunsa.de\/blog\/index.php\/wp-json\/wp\/v2\/users\/1"}],"replies":[{"embeddable":true,"href":"https:\/\/wifunsa.de\/blog\/index.php\/wp-json\/wp\/v2\/comments?post=206"}],"version-history":[{"count":4,"href":"https:\/\/wifunsa.de\/blog\/index.php\/wp-json\/wp\/v2\/pages\/206\/revisions"}],"predecessor-version":[{"id":256,"href":"https:\/\/wifunsa.de\/blog\/index.php\/wp-json\/wp\/v2\/pages\/206\/revisions\/256"}],"wp:attachment":[{"href":"https:\/\/wifunsa.de\/blog\/index.php\/wp-json\/wp\/v2\/media?parent=206"}],"curies":[{"name":"wp","href":"https:\/\/api.w.org\/{rel}","templated":true}]}}