{"id":208,"date":"2026-02-22T09:48:51","date_gmt":"2026-02-22T09:48:51","guid":{"rendered":"https:\/\/wifunsa.de\/blog\/?page_id=208"},"modified":"2026-03-19T19:25:19","modified_gmt":"2026-03-19T19:25:19","slug":"prof-hanschel","status":"publish","type":"page","link":"https:\/\/wifunsa.de\/blog\/index.php\/prof-hanschel\/","title":{"rendered":"Prof. Dr. Dirk Hanschel"},"content":{"rendered":"\n<h4 class=\"wp-block-heading\">Deutsches, Europ\u00e4isches und Internationales \u00d6ffentliches Recht<\/h4>\n\n\n\n<hr class=\"wp-block-separator has-alpha-channel-opacity is-style-wide\" style=\"margin-top:var(--wp--preset--spacing--60);margin-bottom:var(--wp--preset--spacing--60)\"\/>\n\n\n\n<div class=\"wp-block-media-text is-stacked-on-mobile\" style=\"grid-template-columns:35% auto\"><figure class=\"wp-block-media-text__media\"><img loading=\"lazy\" decoding=\"async\" width=\"499\" height=\"624\" src=\"https:\/\/wifunsa.de\/blog\/wp-content\/uploads\/2026\/02\/Hanschel.jpeg\" alt=\"\" class=\"wp-image-110 size-full\" srcset=\"https:\/\/wifunsa.de\/blog\/wp-content\/uploads\/2026\/02\/Hanschel.jpeg 499w, https:\/\/wifunsa.de\/blog\/wp-content\/uploads\/2026\/02\/Hanschel-240x300.jpeg 240w\" sizes=\"auto, (max-width: 499px) 100vw, 499px\" \/><\/figure><div class=\"wp-block-media-text__content\">\n<p><strong>1. Warum wollen Sie mit Sch\u00fclern reden?<\/strong><\/p>\n\n\n\n<p>Weil mir das Thema Rechtsstaat am Herzen liegt und ich dar\u00fcber mit der j\u00fcngeren Generation ins Gespr\u00e4ch kommen will.<\/p>\n\n\n\n<p><strong>2. Warum sind Sie Wissenschaftler geworden?<\/strong><\/p>\n\n\n\n<p>Weil mich die akademische Freiheit begeistert und ich neugierig darauf bin, immer wieder Neues zu lernen und zu lehren.&nbsp;<\/p>\n<\/div><\/div>\n\n\n\n<p><strong>3. Wof\u00fcr brauchen wir Wissenschaft?<\/strong><\/p>\n\n\n\n<p>Um zu verstehen, woraus die Welt besteht und was wir f\u00fcr ein gutes Leben brauchen.<\/p>\n\n\n\n<p><strong>4. Wof\u00fcr interessieren Sie sich au\u00dfer f\u00fcr Wissenschaft?<\/strong><\/p>\n\n\n\n<p>Zum Beispiel f\u00fcr Reisen und Musik.&nbsp;<\/p>\n\n\n\n<p><strong>5. Wenn Sie Bundeskanzler w\u00e4ren, was w\u00fcrden Sie tun?<\/strong><\/p>\n\n\n\n<p>Die Verantwortung w\u00e4re gro\u00df; ich w\u00fcrde versuchen, sie mit anderen gemeinsam wahrzunehmen.<\/p>\n\n\n\n<p><strong>6. Welchen Rat w\u00fcrden Sie Sch\u00fclern f\u00fcr die Berufswahl geben?<\/strong><\/p>\n\n\n\n<p>Einen Rat habe ich nicht, aber ich bin neugierig darauf, von Ideen und Pl\u00e4nen zu h\u00f6ren.<\/p>\n\n\n\n<div class=\"wp-block-buttons is-layout-flex wp-block-buttons-is-layout-flex\">\n<div class=\"wp-block-button\"><a class=\"wp-block-button__link wp-element-button\" href=\"https:\/\/wifunsa.de\/blog\/index.php\/rent-a-prof-interessiert\/\">Interessiert?<\/a><\/div>\n<\/div>\n","protected":false},"excerpt":{"rendered":"<p>Deutsches, Europ\u00e4isches und Internationales \u00d6ffentliches Recht 1. Warum wollen Sie mit Sch\u00fclern reden? Weil mir das Thema Rechtsstaat am Herzen liegt und ich dar\u00fcber mit der j\u00fcngeren Generation ins Gespr\u00e4ch kommen will. 2. Warum sind Sie Wissenschaftler geworden? Weil mich die akademische Freiheit begeistert und ich neugierig darauf bin, immer wieder Neues zu lernen und <a class=\"more-link\" href=\"https:\/\/wifunsa.de\/blog\/index.php\/prof-hanschel\/\">Weiterlesen\u00a0\u2026<\/a><\/p>\n","protected":false},"author":1,"featured_media":0,"parent":0,"menu_order":0,"comment_status":"closed","ping_status":"closed","template":"","meta":{"footnotes":""},"class_list":["post-208","page","type-page","status-publish","hentry"],"_links":{"self":[{"href":"https:\/\/wifunsa.de\/blog\/index.php\/wp-json\/wp\/v2\/pages\/208","targetHints":{"allow":["GET"]}}],"collection":[{"href":"https:\/\/wifunsa.de\/blog\/index.php\/wp-json\/wp\/v2\/pages"}],"about":[{"href":"https:\/\/wifunsa.de\/blog\/index.php\/wp-json\/wp\/v2\/types\/page"}],"author":[{"embeddable":true,"href":"https:\/\/wifunsa.de\/blog\/index.php\/wp-json\/wp\/v2\/users\/1"}],"replies":[{"embeddable":true,"href":"https:\/\/wifunsa.de\/blog\/index.php\/wp-json\/wp\/v2\/comments?post=208"}],"version-history":[{"count":4,"href":"https:\/\/wifunsa.de\/blog\/index.php\/wp-json\/wp\/v2\/pages\/208\/revisions"}],"predecessor-version":[{"id":255,"href":"https:\/\/wifunsa.de\/blog\/index.php\/wp-json\/wp\/v2\/pages\/208\/revisions\/255"}],"wp:attachment":[{"href":"https:\/\/wifunsa.de\/blog\/index.php\/wp-json\/wp\/v2\/media?parent=208"}],"curies":[{"name":"wp","href":"https:\/\/api.w.org\/{rel}","templated":true}]}}