{"id":212,"date":"2026-02-22T09:54:02","date_gmt":"2026-02-22T09:54:02","guid":{"rendered":"https:\/\/wifunsa.de\/blog\/?page_id=212"},"modified":"2026-03-19T19:27:18","modified_gmt":"2026-03-19T19:27:18","slug":"prof-kloesgen","status":"publish","type":"page","link":"https:\/\/wifunsa.de\/blog\/index.php\/prof-kloesgen\/","title":{"rendered":"Prof. Dr. Ralf Bernd Kl\u00f6sgen"},"content":{"rendered":"\n<h4 class=\"wp-block-heading\">Biologie<\/h4>\n\n\n\n<hr class=\"wp-block-separator has-alpha-channel-opacity is-style-wide\" style=\"margin-top:var(--wp--preset--spacing--60);margin-bottom:var(--wp--preset--spacing--60)\"\/>\n\n\n\n<div class=\"wp-block-media-text is-stacked-on-mobile\"><figure class=\"wp-block-media-text__media\"><img loading=\"lazy\" decoding=\"async\" width=\"1024\" height=\"684\" src=\"https:\/\/wifunsa.de\/blog\/wp-content\/uploads\/2026\/02\/Kloesgen.jpeg\" alt=\"\" class=\"wp-image-111 size-full\" srcset=\"https:\/\/wifunsa.de\/blog\/wp-content\/uploads\/2026\/02\/Kloesgen.jpeg 1024w, https:\/\/wifunsa.de\/blog\/wp-content\/uploads\/2026\/02\/Kloesgen-300x200.jpeg 300w, https:\/\/wifunsa.de\/blog\/wp-content\/uploads\/2026\/02\/Kloesgen-768x513.jpeg 768w\" sizes=\"auto, (max-width: 1024px) 100vw, 1024px\" \/><\/figure><div class=\"wp-block-media-text__content\">\n<p><strong>1. Warum wollen Sie mit Sch\u00fclern reden?<\/strong><\/p>\n\n\n\n<p>Weil mich interessiert, was Sch\u00fcler gerade so umtreibt.<\/p>\n\n\n\n<p><strong>2. Warum sind Sie Wissenschaftler geworden.<\/strong><\/p>\n\n\n\n<p>Weil ich ein neugieriger Mensch bin und gerne verstehen m\u00f6chte, wie bestimmte Dinge funktionieren.<\/p>\n<\/div><\/div>\n\n\n\n<p>Und au\u00dferdem war mein Notendurchschnitt im Abitur zu schlecht, um Medizin studieren zu k\u00f6nnen \u2026 da ist es stattdessen halt Biologie geworden \ud83d\ude09<\/p>\n\n\n\n<p><strong>3. Wof\u00fcr brauchen wir Wissenschaft?<\/strong><\/p>\n\n\n\n<p><em>\u00fcbergreifend:<\/em> \u2026 um uns weiterzuentwickeln, denn ohne die Wissenschaft w\u00e4ren wir noch auf dem Niveau von Neandertalern.&nbsp;<\/p>\n\n\n\n<p><em>konkret:<\/em> \u2026 um Arbeitspl\u00e4tze zu schaffen und zu sichern, um Krankheiten zu bek\u00e4mpfen (siehe z.B. die Entwicklung des Corona-Impfstoffs), um die Weltern\u00e4hrung zu sichern, um politische Entscheidungen sachlich zu unterf\u00fcttern, usw. usw.<\/p>\n\n\n\n<p><strong>4. Wof\u00fcr interessieren Sie sich au\u00dfer f\u00fcr Wissenschaft?<\/strong><\/p>\n\n\n\n<p>f\u00fcr alles, was um mich herum vorgeht; f\u00fcr meine Mitmenschen; f\u00fcr Musik (machen und h\u00f6ren); f\u00fcr andere Kulturen; f\u00fcr Politik; \u2026<\/p>\n\n\n\n<p><strong>5. Wenn Sie Bundeskanzler w\u00e4ren, was w\u00fcrden Sie tun?<\/strong><\/p>\n\n\n\n<p>Ich w\u00fcrde versuchen, f\u00fcr meine Ziele Mitstreiter zu finden und die Grundlagen f\u00fcr meine Entscheidungen zu erkl\u00e4ren, um so hoffentlich Vertrauen aufzubauen. Zu diesen Zielen z\u00e4hlt z.B.&nbsp;<\/p>\n\n\n\n<ul class=\"wp-block-list\">\n<li>ein grunds\u00e4tzlich positives Weltbild vermitteln&nbsp;<\/li>\n\n\n\n<li>die St\u00e4rkung von Bildung (unsere wichtigste Resource) und Forschung (zur Sicherung unserer Zukunft)&nbsp;<\/li>\n\n\n\n<li>der Abbau von Kompetenzwirrwarr (z.B. Bund\/L\u00e4nder\/Kommunen)<\/li>\n\n\n\n<li>eingefahrene Vorurteile hinterfragen (warum sollte z.B. sinnvolle Arbeit nicht auch ein erf\u00fcllender Teil des Lebens sein k\u00f6nnen statt immer nur als Belastung zu gelten?)<\/li>\n<\/ul>\n\n\n\n<p><strong>6. Welchen Rat w\u00fcrden Sie Sch\u00fclern f\u00fcr die Berufswahl geben?<\/strong><\/p>\n\n\n\n<p>Entscheiden Sie sich f\u00fcr einen Beruf, der Ihnen dauerhaft Spa\u00df und Erf\u00fcllung bieten kann, das ist weit wichtiger als die H\u00f6he des Einkommens (ein gewisses Minimum vorausgesetzt). Und seien Sie offen, es gibt sehr viel mehr interessante Aufgaben als Sie vielleicht denken.<\/p>\n\n\n\n<div class=\"wp-block-buttons is-layout-flex wp-block-buttons-is-layout-flex\">\n<div class=\"wp-block-button\"><a class=\"wp-block-button__link wp-element-button\" href=\"https:\/\/wifunsa.de\/blog\/index.php\/rent-a-prof-interessiert\/\">Interessiert?<\/a><\/div>\n<\/div>\n","protected":false},"excerpt":{"rendered":"<p>Biologie 1. Warum wollen Sie mit Sch\u00fclern reden? Weil mich interessiert, was Sch\u00fcler gerade so umtreibt. 2. Warum sind Sie Wissenschaftler geworden. Weil ich ein neugieriger Mensch bin und gerne verstehen m\u00f6chte, wie bestimmte Dinge funktionieren. Und au\u00dferdem war mein Notendurchschnitt im Abitur zu schlecht, um Medizin studieren zu k\u00f6nnen \u2026 da ist es stattdessen <a class=\"more-link\" href=\"https:\/\/wifunsa.de\/blog\/index.php\/prof-kloesgen\/\">Weiterlesen\u00a0\u2026<\/a><\/p>\n","protected":false},"author":1,"featured_media":0,"parent":0,"menu_order":0,"comment_status":"closed","ping_status":"closed","template":"","meta":{"footnotes":""},"class_list":["post-212","page","type-page","status-publish","hentry"],"_links":{"self":[{"href":"https:\/\/wifunsa.de\/blog\/index.php\/wp-json\/wp\/v2\/pages\/212","targetHints":{"allow":["GET"]}}],"collection":[{"href":"https:\/\/wifunsa.de\/blog\/index.php\/wp-json\/wp\/v2\/pages"}],"about":[{"href":"https:\/\/wifunsa.de\/blog\/index.php\/wp-json\/wp\/v2\/types\/page"}],"author":[{"embeddable":true,"href":"https:\/\/wifunsa.de\/blog\/index.php\/wp-json\/wp\/v2\/users\/1"}],"replies":[{"embeddable":true,"href":"https:\/\/wifunsa.de\/blog\/index.php\/wp-json\/wp\/v2\/comments?post=212"}],"version-history":[{"count":5,"href":"https:\/\/wifunsa.de\/blog\/index.php\/wp-json\/wp\/v2\/pages\/212\/revisions"}],"predecessor-version":[{"id":264,"href":"https:\/\/wifunsa.de\/blog\/index.php\/wp-json\/wp\/v2\/pages\/212\/revisions\/264"}],"wp:attachment":[{"href":"https:\/\/wifunsa.de\/blog\/index.php\/wp-json\/wp\/v2\/media?parent=212"}],"curies":[{"name":"wp","href":"https:\/\/api.w.org\/{rel}","templated":true}]}}