{"id":215,"date":"2026-02-22T09:57:43","date_gmt":"2026-02-22T09:57:43","guid":{"rendered":"https:\/\/wifunsa.de\/blog\/?page_id=215"},"modified":"2026-03-19T19:26:18","modified_gmt":"2026-03-19T19:26:18","slug":"prof-bose","status":"publish","type":"page","link":"https:\/\/wifunsa.de\/blog\/index.php\/prof-bose\/","title":{"rendered":"Prof. Dr. Ines Bose"},"content":{"rendered":"\n<h4 class=\"wp-block-heading\">Sprechwissenschaft<\/h4>\n\n\n\n<hr class=\"wp-block-separator has-alpha-channel-opacity is-style-wide\" style=\"margin-top:var(--wp--preset--spacing--60);margin-bottom:var(--wp--preset--spacing--60)\"\/>\n\n\n\n<div class=\"wp-block-media-text is-stacked-on-mobile\" style=\"grid-template-columns:39% auto\"><figure class=\"wp-block-media-text__media\"><img loading=\"lazy\" decoding=\"async\" width=\"560\" height=\"700\" src=\"https:\/\/wifunsa.de\/blog\/wp-content\/uploads\/2026\/02\/Bose.jpg\" alt=\"\" class=\"wp-image-160 size-full\" srcset=\"https:\/\/wifunsa.de\/blog\/wp-content\/uploads\/2026\/02\/Bose.jpg 560w, https:\/\/wifunsa.de\/blog\/wp-content\/uploads\/2026\/02\/Bose-240x300.jpg 240w\" sizes=\"auto, (max-width: 560px) 100vw, 560px\" \/><\/figure><div class=\"wp-block-media-text__content\">\n<p><strong>1. Warum wollen Sie mit Sch\u00fclern reden?<\/strong><\/p>\n\n\n\n<p>Weil ich denke, dass wir in unserer Gesellschaft wieder st\u00e4rker und besser miteinander reden und vor allem einander zuh\u00f6ren sollten: Das gilt f\u00fcr Menschen unterschiedlicher Alters- und Berufsgruppen, unterschiedlicher Herkunft und politischer Ausrichtung. Sch\u00fclern und Sch\u00fclerinnen m\u00f6chte ich von meinen beruflichen Erfahrungen erz\u00e4hlen, vor allem aber bin ich neugierig darauf, welche Ideen und W\u00fcnsche sie f\u00fcr unsere Zukunft haben. Ich bin sicher, dass der Austausch f\u00fcr beide Seiten anregend sein wird!&nbsp;<\/p>\n<\/div><\/div>\n\n\n\n<p><strong>2. Warum sind Sie Wissenschaftlerin geworden?<\/strong><\/p>\n\n\n\n<p>Weil ich schon immer neugierig war und Dingen und Erscheinungen auf den Grund gehen wollte. Im Studium habe ich mich mit dem Sprechen und Zuh\u00f6ren besch\u00e4ftigt. Das Thema hat mich nicht mehr losgelassen: Warum erleben wir manche Gespr\u00e4che als gelungen, andere aber nicht? Wie k\u00f6nnen wir komplexe Inhalte verst\u00e4ndlich formulieren? Wie lassen sich Meinungsverschiedenheiten ohne Feindseligkeit austragen? Wie erwerben Kinder die F\u00e4higkeit, Gespr\u00e4che zu f\u00fchren \u2013 wie wichtig ist dabei das kindliche Spiel? Was zeichnet eine gute Beratung aus, z. B. in der Apotheke oder auf dem Arbeitsamt?&nbsp;<\/p>\n\n\n\n<p>Wichtig ist mir, wissenschaftliche Erkenntnisse auch umzusetzen: Wie kann gelingende, konstruktive Kommunikation ganz konkret gef\u00f6rdert werden?<\/p>\n\n\n\n<p><strong>3. Wof\u00fcr brauchen wir Wissenschaft?<\/strong><\/p>\n\n\n\n<p>Wissenschaft hilft uns, die Welt und ihre Ver\u00e4nderung besser zu begreifen und zu gestalten. Sie bildet die Basis f\u00fcr neue Technologien, Produkte und wirtschaftliche Wettbewerbsf\u00e4higkeit. Wir stehen vor komplexen Problemen in Verbindung z. B. mit Pandemien, dem Medien- und Kommunkationswandel oder der Verschiebung von politischen B\u00fcndnissen. Diese Probleme lassen sich nur l\u00f6sen, wenn wir sie zun\u00e4chst sorgf\u00e4ltig und systematisch analysieren. Dadurch k\u00f6nnen wir Ursachen und Zusammenh\u00e4nge erkennen und fundierte, passgenaue L\u00f6sungsideen entwickeln. Wichtig daf\u00fcr sind die F\u00e4higkeit zum kritischen Denken und der offene Austausch unter Fachkollegen ebenso wie mit der \u00d6ffentlichkeit.<\/p>\n\n\n\n<p><strong>4. Wof\u00fcr interessieren Sie sich au\u00dfer f\u00fcr Wissenschaft?<\/strong><\/p>\n\n\n\n<p>F\u00fcr alles M\u00f6gliche, zum Beispiel f\u00fcrs N\u00e4hen, Tanzen und Fahrradfahren. Und f\u00fcrs Verreisen \u2013 sowohl in die N\u00e4he als auch Ferne.<\/p>\n\n\n\n<p><strong>5. Wenn Sie Bundeskanzlerin w\u00e4ren, was w\u00fcrden Sie tun?<\/strong><\/p>\n\n\n\n<p>Ich w\u00fcrde versuchen, gemeinsam mit anderen zu regieren, und zwar kooperativ-konstruktiv. Ich w\u00fcrde auf die Beratung von Fachleuten aus vielen gesellschaftlichen Bereichen setzen. Ich w\u00fcrde unter anderem auf einen freien Zugang zu Bildung f\u00fcr alle hinarbeiten \u2013 mit einem vern\u00fcnftigen Betreuungsschl\u00fcssel, der eine intensive F\u00f6rderung vom Kleinkindalter an erm\u00f6glicht. Gezielte Investitionen in die Bildung sind die Voraussetzung daf\u00fcr, dass Deutschland die enormen Herausforderungen der Zukunft meistern kann.&nbsp;<\/p>\n\n\n\n<p><strong>6. Welchen Rat w\u00fcrden Sie Sch\u00fclern f\u00fcr die Berufswahl geben?<\/strong><\/p>\n\n\n\n<p>Sie m\u00fcssen damit rechnen, vermutlich verschiedene berufliche T\u00e4tigkeiten im Laufe des Arbeitslebens auszu\u00fcben. Deshalb sollten sie sich f\u00fcr die Ausbildung m\u00f6glichst einen Beruf aussuchen, auf den sie Lust haben und der sie fordert.<\/p>\n\n\n\n<div class=\"wp-block-buttons is-layout-flex wp-block-buttons-is-layout-flex\">\n<div class=\"wp-block-button\"><a class=\"wp-block-button__link wp-element-button\" href=\"https:\/\/wifunsa.de\/blog\/index.php\/rent-a-prof-interessiert\/\">Interessiert?<\/a><\/div>\n<\/div>\n","protected":false},"excerpt":{"rendered":"<p>Sprechwissenschaft 1. Warum wollen Sie mit Sch\u00fclern reden? Weil ich denke, dass wir in unserer Gesellschaft wieder st\u00e4rker und besser miteinander reden und vor allem einander zuh\u00f6ren sollten: Das gilt f\u00fcr Menschen unterschiedlicher Alters- und Berufsgruppen, unterschiedlicher Herkunft und politischer Ausrichtung. Sch\u00fclern und Sch\u00fclerinnen m\u00f6chte ich von meinen beruflichen Erfahrungen erz\u00e4hlen, vor allem aber bin <a class=\"more-link\" href=\"https:\/\/wifunsa.de\/blog\/index.php\/prof-bose\/\">Weiterlesen\u00a0\u2026<\/a><\/p>\n","protected":false},"author":1,"featured_media":0,"parent":0,"menu_order":0,"comment_status":"closed","ping_status":"closed","template":"","meta":{"footnotes":""},"class_list":["post-215","page","type-page","status-publish","hentry"],"_links":{"self":[{"href":"https:\/\/wifunsa.de\/blog\/index.php\/wp-json\/wp\/v2\/pages\/215","targetHints":{"allow":["GET"]}}],"collection":[{"href":"https:\/\/wifunsa.de\/blog\/index.php\/wp-json\/wp\/v2\/pages"}],"about":[{"href":"https:\/\/wifunsa.de\/blog\/index.php\/wp-json\/wp\/v2\/types\/page"}],"author":[{"embeddable":true,"href":"https:\/\/wifunsa.de\/blog\/index.php\/wp-json\/wp\/v2\/users\/1"}],"replies":[{"embeddable":true,"href":"https:\/\/wifunsa.de\/blog\/index.php\/wp-json\/wp\/v2\/comments?post=215"}],"version-history":[{"count":3,"href":"https:\/\/wifunsa.de\/blog\/index.php\/wp-json\/wp\/v2\/pages\/215\/revisions"}],"predecessor-version":[{"id":259,"href":"https:\/\/wifunsa.de\/blog\/index.php\/wp-json\/wp\/v2\/pages\/215\/revisions\/259"}],"wp:attachment":[{"href":"https:\/\/wifunsa.de\/blog\/index.php\/wp-json\/wp\/v2\/media?parent=215"}],"curies":[{"name":"wp","href":"https:\/\/api.w.org\/{rel}","templated":true}]}}