{"id":218,"date":"2026-02-22T10:01:19","date_gmt":"2026-02-22T10:01:19","guid":{"rendered":"https:\/\/wifunsa.de\/blog\/?page_id=218"},"modified":"2026-03-19T19:27:50","modified_gmt":"2026-03-19T19:27:50","slug":"prof-behrens","status":"publish","type":"page","link":"https:\/\/wifunsa.de\/blog\/index.php\/prof-behrens\/","title":{"rendered":"Prof. Dr. Sven-Erik Behrens"},"content":{"rendered":"\n<h4 class=\"wp-block-heading\">Biochemie &amp; Biotechnologie<\/h4>\n\n\n\n<hr class=\"wp-block-separator has-alpha-channel-opacity is-style-wide\" style=\"margin-top:var(--wp--preset--spacing--60);margin-bottom:var(--wp--preset--spacing--60)\"\/>\n\n\n\n<div class=\"wp-block-media-text is-stacked-on-mobile\" style=\"grid-template-columns:37% auto\"><figure class=\"wp-block-media-text__media\"><img loading=\"lazy\" decoding=\"async\" width=\"413\" height=\"517\" src=\"https:\/\/wifunsa.de\/blog\/wp-content\/uploads\/2026\/02\/Behrens.jpeg\" alt=\"\" class=\"wp-image-108 size-full\" srcset=\"https:\/\/wifunsa.de\/blog\/wp-content\/uploads\/2026\/02\/Behrens.jpeg 413w, https:\/\/wifunsa.de\/blog\/wp-content\/uploads\/2026\/02\/Behrens-240x300.jpeg 240w\" sizes=\"auto, (max-width: 413px) 100vw, 413px\" \/><\/figure><div class=\"wp-block-media-text__content\">\n<p><strong>1. Warum wollen Sie mit Sch\u00fclern reden?<\/strong><\/p>\n\n\n\n<p>Sch\u00fcler zu sein war f\u00fcr mich (neben Student zu sein) die sch\u00f6nste Zeit meines Lebens: man saugt alles, was interessant ist, f\u00f6rmlich in sich hinein und diskutiert es dann auch mit aller Leidenschaft! Darum freue mich auf Gespr\u00e4che mit Sch\u00fclern, weil ich wei\u00df, dass ich einerseits geh\u00f6rt werde und andererseits auch eine richtig saftige Diskussion geliefert bekomme!&nbsp;<\/p>\n<\/div><\/div>\n\n\n\n<p><strong>2. Warum sind Sie Wissenschaftler geworden.<\/strong><\/p>\n\n\n\n<p>In der Schule war ich nie gut in Mathematik und Physik, in Englisch so lala und sehr gut in Biologie, Chemie und Geschichte und Politik. Die molekularen Vorg\u00e4nge, die Leben (einer Zelle) zugrunde liegen, haben mich in meiner Abiturphase besonders fasziniert, darum habe ich beschlossen, Biologie und Chemie und dann Biochemie zu studieren. Die Faszination hat mich nie losgelassen. Allerdings ist noch etwas hinzugekommen: Wie nutzen Viren molekulare Prozesse in der Zelle f\u00fcr ihre eigenen Zwecke und wie kann man sie daran hindern? So wurde ich ein \u201emolekularer\u201c Virologe und habe 2017 neben der Uni noch ein Startup gegr\u00fcndet, das neue Impfstoffe gegen Viren entwickelt.&nbsp;<\/p>\n\n\n\n<p><strong>3. Wof\u00fcr brauchen wir Wissenschaft?<\/strong><\/p>\n\n\n\n<p>Zum Einen, um die Funktionsweise jedweder Art von Natur und Mensch-bedingten Prozessen auf unserem Planeten und dar\u00fcber hinaus in unserem Universum zu verstehen: Ganz grunds\u00e4tzlich, denn nur so verstehen wir auch wer oder was wir sind!&nbsp;<\/p>\n\n\n\n<p>Zum anderen, um dieses grunds\u00e4tzliche Wissen in vielf\u00e4ltigster Weise zu nutzen, nicht zuletzt um das Leben auf diesem Planeten zu erhalten!<\/p>\n\n\n\n<p><strong>4. Wof\u00fcr interessieren Sie sich au\u00dfer f\u00fcr Wissenschaft?&nbsp;<\/strong><\/p>\n\n\n\n<p>F\u00fcr Musik, Kunst und Politik. Zur Entspannung spiele ich Gitarre und treibe so oft es geht Sport.<\/p>\n\n\n\n<p><strong>5. Wenn Sie Bundeskanzler w\u00e4ren, was w\u00fcrden Sie tun?&nbsp;<\/strong><\/p>\n\n\n\n<p>Ganz massiv propagieren, dass neben Familie und Freunden, gesunder Ern\u00e4hrung und Fitness, Bildung das Wichtigste im Leben eines Menschen und f\u00fcr unsere Gesellschaft ist. Bildung macht vor allem frei \u2013 frei im Kopf und frei von der Herde, in der alle mittraben, die es nicht besser wissen. Weil es so ungemein wichtig ist, muss unser Schul- und Unisystem den Auftrag Bildung zu vermitteln, viel enthusiastischer und weniger verstaubt und b\u00fcrokratisch vermitteln, als es im Moment leider der Fall ist. Hier sollten wir uns ein Beispiel an anderen L\u00e4ndern, z.B. in Skandinavien, nehmen, wo es besser funktioniert!<\/p>\n\n\n\n<p><strong>6. Welchen Rat w\u00fcrden Sie Sch\u00fclern f\u00fcr die Berufswahl geben?&nbsp;<\/strong><\/p>\n\n\n\n<p>Einerseits unbedingt den eigenen Interessen folgen. Recherche nach Informationen zu verschiedenen Berufen sollte aber so breit wie m\u00f6glich erfolgen. Dabei aber auch danach schauen, ob es nach einer Ausbildung oder einem Studium dann zukunftsf\u00e4hige Arbeitsm\u00f6glichkeiten gibt. Arbeit muss Freude machen, aber man muss davon auch leben k\u00f6nnen!<\/p>\n\n\n\n<div class=\"wp-block-buttons is-layout-flex wp-block-buttons-is-layout-flex\">\n<div class=\"wp-block-button\"><a class=\"wp-block-button__link wp-element-button\" href=\"https:\/\/wifunsa.de\/blog\/index.php\/rent-a-prof-interessiert\/\">Interessiert?<\/a><\/div>\n<\/div>\n","protected":false},"excerpt":{"rendered":"<p>Biochemie &amp; Biotechnologie 1. Warum wollen Sie mit Sch\u00fclern reden? Sch\u00fcler zu sein war f\u00fcr mich (neben Student zu sein) die sch\u00f6nste Zeit meines Lebens: man saugt alles, was interessant ist, f\u00f6rmlich in sich hinein und diskutiert es dann auch mit aller Leidenschaft! Darum freue mich auf Gespr\u00e4che mit Sch\u00fclern, weil ich wei\u00df, dass ich <a class=\"more-link\" href=\"https:\/\/wifunsa.de\/blog\/index.php\/prof-behrens\/\">Weiterlesen\u00a0\u2026<\/a><\/p>\n","protected":false},"author":1,"featured_media":0,"parent":0,"menu_order":0,"comment_status":"closed","ping_status":"closed","template":"","meta":{"footnotes":""},"class_list":["post-218","page","type-page","status-publish","hentry"],"_links":{"self":[{"href":"https:\/\/wifunsa.de\/blog\/index.php\/wp-json\/wp\/v2\/pages\/218","targetHints":{"allow":["GET"]}}],"collection":[{"href":"https:\/\/wifunsa.de\/blog\/index.php\/wp-json\/wp\/v2\/pages"}],"about":[{"href":"https:\/\/wifunsa.de\/blog\/index.php\/wp-json\/wp\/v2\/types\/page"}],"author":[{"embeddable":true,"href":"https:\/\/wifunsa.de\/blog\/index.php\/wp-json\/wp\/v2\/users\/1"}],"replies":[{"embeddable":true,"href":"https:\/\/wifunsa.de\/blog\/index.php\/wp-json\/wp\/v2\/comments?post=218"}],"version-history":[{"count":6,"href":"https:\/\/wifunsa.de\/blog\/index.php\/wp-json\/wp\/v2\/pages\/218\/revisions"}],"predecessor-version":[{"id":267,"href":"https:\/\/wifunsa.de\/blog\/index.php\/wp-json\/wp\/v2\/pages\/218\/revisions\/267"}],"wp:attachment":[{"href":"https:\/\/wifunsa.de\/blog\/index.php\/wp-json\/wp\/v2\/media?parent=218"}],"curies":[{"name":"wp","href":"https:\/\/api.w.org\/{rel}","templated":true}]}}