{"id":234,"date":"2026-03-11T19:45:56","date_gmt":"2026-03-11T19:45:56","guid":{"rendered":"https:\/\/wifunsa.de\/blog\/?page_id=234"},"modified":"2026-03-19T19:24:59","modified_gmt":"2026-03-19T19:24:59","slug":"pd-bartl","status":"publish","type":"page","link":"https:\/\/wifunsa.de\/blog\/index.php\/pd-bartl\/","title":{"rendered":"PD Dr. Walter Bartl"},"content":{"rendered":"\n<h4 class=\"wp-block-heading\">Soziologie<\/h4>\n\n\n\n<hr class=\"wp-block-separator has-alpha-channel-opacity is-style-wide\" style=\"margin-top:var(--wp--preset--spacing--60);margin-bottom:var(--wp--preset--spacing--60)\"\/>\n\n\n\n<div class=\"wp-block-media-text is-stacked-on-mobile\"><figure class=\"wp-block-media-text__media\"><img loading=\"lazy\" decoding=\"async\" width=\"1024\" height=\"684\" src=\"https:\/\/wifunsa.de\/blog\/wp-content\/uploads\/2026\/03\/Bartl_DSC_3181_L.jpg\" alt=\"\" class=\"wp-image-233 size-full\" srcset=\"https:\/\/wifunsa.de\/blog\/wp-content\/uploads\/2026\/03\/Bartl_DSC_3181_L.jpg 1024w, https:\/\/wifunsa.de\/blog\/wp-content\/uploads\/2026\/03\/Bartl_DSC_3181_L-300x200.jpg 300w, https:\/\/wifunsa.de\/blog\/wp-content\/uploads\/2026\/03\/Bartl_DSC_3181_L-768x513.jpg 768w\" sizes=\"auto, (max-width: 1024px) 100vw, 1024px\" \/><\/figure><div class=\"wp-block-media-text__content\">\n<p><strong>1. Warum m\u00f6chten Sie mit Sch\u00fclern reden?<\/strong><\/p>\n\n\n\n<p>Mich w\u00fcrde interessieren, welche Themen sie wichtig finden und wie sie ihre Umwelt wahrnehmen.<\/p>\n<\/div><\/div>\n\n\n\n<p><strong>2. Warum sind Sie Wissenschaftler geworden?<\/strong><\/p>\n\n\n\n<p>Ich habe zun\u00e4chst eine Lehre als Bankkaufmann gemacht und dabei gemerkt, dass der Verkauf von Finanzprodukten mich nicht erf\u00fcllt. Dann habe ich Soziologie studiert, weil ich die Zusammenh\u00e4nge, in die wir Menschen verstrickt sind, besser verstehen wollte. Meine Diplomarbeit habe ich \u00fcber ein Projekt der Entwicklungszusammenarbeit in Ecuador geschrieben. Das Projekt zielte darauf ab, die regionale Wirtschaft im S\u00fcden des Landes anzukurbeln. Dieses Anliegen erschien mir sinnvoll, da viele Menschen dort bessere Lebensbedingungen anstreben. Dabei habe ich allerdings auch gemerkt, wie kompliziert solche Projekte sind. Gleichzeitig hat mir die wissenschaftliche Arbeit so viel Spa\u00df gemacht, dass ich gerne in dieser Richtung weitermachen wollte.&nbsp;<\/p>\n\n\n\n<p><strong>3. Wof\u00fcr brauchen wir Wissenschaft?<\/strong><\/p>\n\n\n\n<p>Wissenschaft hilft uns, Zusammenh\u00e4nge in der Welt zu verstehen und unsere Zukunft zu gestalten. Sie liefert die Grundlagen f\u00fcr gute Politik, auch wenn sich Politikerinnen und Politiker nicht immer f\u00fcr das verf\u00fcgbare Wissen interessieren. B\u00fcrgerinnen und B\u00fcrger k\u00f6nnen Wissenschaft dann auch nutzen, um schlechte Politik zu kritisieren.<\/p>\n\n\n\n<p><strong>4. Wof\u00fcr interessieren Sie sich au\u00dfer f\u00fcr Wissenschaft?<\/strong><\/p>\n\n\n\n<p>Laufen, Klettern, Radfahren, Musik, Theater, gutes Essen.<\/p>\n\n\n\n<p><strong>5. Wenn Sie Bundeskanzler w\u00e4ren, was w\u00fcrden Sie tun?<\/strong><\/p>\n\n\n\n<p>Ich w\u00fcrde daf\u00fcr sorgen, dass die Verwaltung in Deutschland digitalisiert und nutzerfreundlich wird. Daf\u00fcr gibt es bereits gute Beispiele, etwa die elektronische Anmeldung einer neuen Wohnung. Aber in vielen Bereichen muss man immer noch schwer verst\u00e4ndliche Formulare ausf\u00fcllen und umst\u00e4ndliche Abl\u00e4ufe durchlaufen. Dabei sieht man im Ausland, dass sich vieles deutlich besser organisieren l\u00e4sst.&nbsp;<\/p>\n\n\n\n<p><strong>6. Welchen Rat w\u00fcrden Sie Sch\u00fclern f\u00fcr die Berufswahl geben?<\/strong><\/p>\n\n\n\n<p><a><\/a>Ich w\u00fcrde empfehlen, die Ferien so oft wie m\u00f6glich f\u00fcr Praktika zu nutzen, um konkrete Vorstellungen von bestimmten T\u00e4tigkeiten zu bekommen. Au\u00dferdem w\u00fcrde ich empfehlen, bei der Entscheidung f\u00fcr einen Beruf den eigenen Neigungen und dem eigenen Bauchgef\u00fchl zu folgen. Schlie\u00dflich sollte man Freude an der eigenen Arbeit haben. Es ist auch kein Beinbruch, wenn man unterwegs merkt, dass man einmal falsch abgebogen ist.<\/p>\n\n\n\n<div class=\"wp-block-buttons is-layout-flex wp-block-buttons-is-layout-flex\">\n<div class=\"wp-block-button\"><a class=\"wp-block-button__link wp-element-button\" href=\"https:\/\/wifunsa.de\/blog\/index.php\/rent-a-prof-interessiert\/\">Interessiert?<\/a><\/div>\n<\/div>\n\n\n\n<p><\/p>\n","protected":false},"excerpt":{"rendered":"<p>Soziologie 1. Warum m\u00f6chten Sie mit Sch\u00fclern reden? Mich w\u00fcrde interessieren, welche Themen sie wichtig finden und wie sie ihre Umwelt wahrnehmen. 2. Warum sind Sie Wissenschaftler geworden? Ich habe zun\u00e4chst eine Lehre als Bankkaufmann gemacht und dabei gemerkt, dass der Verkauf von Finanzprodukten mich nicht erf\u00fcllt. Dann habe ich Soziologie studiert, weil ich die <a class=\"more-link\" href=\"https:\/\/wifunsa.de\/blog\/index.php\/pd-bartl\/\">Weiterlesen\u00a0\u2026<\/a><\/p>\n","protected":false},"author":1,"featured_media":0,"parent":0,"menu_order":0,"comment_status":"closed","ping_status":"closed","template":"","meta":{"footnotes":""},"class_list":["post-234","page","type-page","status-publish","hentry"],"_links":{"self":[{"href":"https:\/\/wifunsa.de\/blog\/index.php\/wp-json\/wp\/v2\/pages\/234","targetHints":{"allow":["GET"]}}],"collection":[{"href":"https:\/\/wifunsa.de\/blog\/index.php\/wp-json\/wp\/v2\/pages"}],"about":[{"href":"https:\/\/wifunsa.de\/blog\/index.php\/wp-json\/wp\/v2\/types\/page"}],"author":[{"embeddable":true,"href":"https:\/\/wifunsa.de\/blog\/index.php\/wp-json\/wp\/v2\/users\/1"}],"replies":[{"embeddable":true,"href":"https:\/\/wifunsa.de\/blog\/index.php\/wp-json\/wp\/v2\/comments?post=234"}],"version-history":[{"count":5,"href":"https:\/\/wifunsa.de\/blog\/index.php\/wp-json\/wp\/v2\/pages\/234\/revisions"}],"predecessor-version":[{"id":254,"href":"https:\/\/wifunsa.de\/blog\/index.php\/wp-json\/wp\/v2\/pages\/234\/revisions\/254"}],"wp:attachment":[{"href":"https:\/\/wifunsa.de\/blog\/index.php\/wp-json\/wp\/v2\/media?parent=234"}],"curies":[{"name":"wp","href":"https:\/\/api.w.org\/{rel}","templated":true}]}}