{"id":247,"date":"2026-03-19T19:19:54","date_gmt":"2026-03-19T19:19:54","guid":{"rendered":"https:\/\/wifunsa.de\/blog\/?page_id=247"},"modified":"2026-03-19T19:22:10","modified_gmt":"2026-03-19T19:22:10","slug":"rent-a-prof-interessiert","status":"publish","type":"page","link":"https:\/\/wifunsa.de\/blog\/index.php\/rent-a-prof-interessiert\/","title":{"rendered":"Rent a Prof \u2013 Interessiert?"},"content":{"rendered":"\n<hr class=\"wp-block-separator has-alpha-channel-opacity is-style-wide\" style=\"margin-top:var(--wp--preset--spacing--60);margin-bottom:var(--wp--preset--spacing--60)\"\/>\n\n\n\n<p><strong>Sind Sie Direktor oder Lehrer an einer Schule in Sachsen-Anhalt?<\/strong><\/p>\n\n\n\n<p>Wir w\u00e4ren insbesondere daran interessiert, mit Sch\u00fclern h\u00f6herer Jahrgangsstufen oder an berufsbildenden Schulen ins Gespr\u00e4ch zu kommen und uns mit ihnen \u00fcber Berufsbilder und Zukunftsperspektiven auszutauschen. Als ungef\u00e4hre Orientierung kann hier ein Alter \u00fcber 17 Jahren dienen.<\/p>\n\n\n\n<p><strong>Gibt es bei Ihnen eine Gruppe von Sch\u00fclern, die an Perspektiven und Erfahrungen von Wissenschaftlern interessiert sein k\u00f6nnten?<\/strong><\/p>\n\n\n\n<p>Dies kann ebenso eine Schulklasse wie auch eine gr\u00f6\u00dfere Gruppe von Sch\u00fclern in einer AG oder im Rahmen einer Projektwoche sein.<\/p>\n\n\n\n<p><strong>Wir bieten an<\/strong>, mit einer solchen Gruppe von Sch\u00fclern \u00fcber Fragen zu diskutieren, wie<\/p>\n\n\n\n<ul class=\"wp-block-list\">\n<li>Was kann Wissenschaft und was kann sie nicht?<\/li>\n\n\n\n<li>Warum haben Wissenschaftler so oft unterschiedliche Meinungen?<\/li>\n\n\n\n<li>Was machen Wissenschaftler eigentlich den ganzen Tag?<\/li>\n<\/ul>\n\n\n\n<p>und zu erfahren, was sie von Wissenschaftlern erwarten und wie sie \u00fcber Wissenschaft denken.<\/p>\n\n\n\n<p>Sollte dieses Angebot f\u00fcr Sie von Interesse sein,\u00a0<strong>melden Sie sich<\/strong>\u00a0gerne per E-Mail an <a href=\"mailto:info@wifunsa.de?subject=Rent a Prof\">info@wifunsa.de<\/a> bei uns.\u00a0<\/p>\n\n\n\n<p>Geben Sie bitte an, wie wir Sie f\u00fcr die genaueren Absprachen kontaktieren k\u00f6nnen. Wir melden uns dann umgehend bei Ihnen.<\/p>\n\n\n\n<p>Wir freuen uns, mit Ihnen zusammenarbeiten zu d\u00fcrfen.&nbsp;<\/p>\n\n\n\n<p><\/p>\n","protected":false},"excerpt":{"rendered":"<p>Sind Sie Direktor oder Lehrer an einer Schule in Sachsen-Anhalt? Wir w\u00e4ren insbesondere daran interessiert, mit Sch\u00fclern h\u00f6herer Jahrgangsstufen oder an berufsbildenden Schulen ins Gespr\u00e4ch zu kommen und uns mit ihnen \u00fcber Berufsbilder und Zukunftsperspektiven auszutauschen. Als ungef\u00e4hre Orientierung kann hier ein Alter \u00fcber 17 Jahren dienen. Gibt es bei Ihnen eine Gruppe von Sch\u00fclern, <a class=\"more-link\" href=\"https:\/\/wifunsa.de\/blog\/index.php\/rent-a-prof-interessiert\/\">Weiterlesen\u00a0\u2026<\/a><\/p>\n","protected":false},"author":1,"featured_media":0,"parent":0,"menu_order":0,"comment_status":"closed","ping_status":"closed","template":"","meta":{"footnotes":""},"class_list":["post-247","page","type-page","status-publish","hentry"],"_links":{"self":[{"href":"https:\/\/wifunsa.de\/blog\/index.php\/wp-json\/wp\/v2\/pages\/247","targetHints":{"allow":["GET"]}}],"collection":[{"href":"https:\/\/wifunsa.de\/blog\/index.php\/wp-json\/wp\/v2\/pages"}],"about":[{"href":"https:\/\/wifunsa.de\/blog\/index.php\/wp-json\/wp\/v2\/types\/page"}],"author":[{"embeddable":true,"href":"https:\/\/wifunsa.de\/blog\/index.php\/wp-json\/wp\/v2\/users\/1"}],"replies":[{"embeddable":true,"href":"https:\/\/wifunsa.de\/blog\/index.php\/wp-json\/wp\/v2\/comments?post=247"}],"version-history":[{"count":3,"href":"https:\/\/wifunsa.de\/blog\/index.php\/wp-json\/wp\/v2\/pages\/247\/revisions"}],"predecessor-version":[{"id":251,"href":"https:\/\/wifunsa.de\/blog\/index.php\/wp-json\/wp\/v2\/pages\/247\/revisions\/251"}],"wp:attachment":[{"href":"https:\/\/wifunsa.de\/blog\/index.php\/wp-json\/wp\/v2\/media?parent=247"}],"curies":[{"name":"wp","href":"https:\/\/api.w.org\/{rel}","templated":true}]}}