{"id":36,"date":"2026-02-04T13:37:54","date_gmt":"2026-02-04T13:37:54","guid":{"rendered":"https:\/\/wifunsa.de\/blog\/?page_id=36"},"modified":"2026-02-04T14:07:35","modified_gmt":"2026-02-04T14:07:35","slug":"impressum","status":"publish","type":"page","link":"https:\/\/wifunsa.de\/blog\/index.php\/impressum\/","title":{"rendered":"Impressum"},"content":{"rendered":"\n<p>wifunsa: Wissenschaft f\u00fcr uns in Sachsen-Anhalt e.V.<\/p>\n\n\n\n<p>Prof. Dr. Reinhold Sackmann<br>G\u00fctchenstra\u00dfe 20b<br>06108 Halle&nbsp;(Saale)<\/p>\n\n\n\n<p><\/p>\n","protected":false},"excerpt":{"rendered":"<p>wifunsa: Wissenschaft f\u00fcr uns in Sachsen-Anhalt e.V. Prof. Dr. Reinhold SackmannG\u00fctchenstra\u00dfe 20b06108 Halle&nbsp;(Saale)<\/p>\n","protected":false},"author":1,"featured_media":0,"parent":0,"menu_order":0,"comment_status":"closed","ping_status":"closed","template":"","meta":{"footnotes":""},"class_list":["post-36","page","type-page","status-publish","hentry"],"_links":{"self":[{"href":"https:\/\/wifunsa.de\/blog\/index.php\/wp-json\/wp\/v2\/pages\/36","targetHints":{"allow":["GET"]}}],"collection":[{"href":"https:\/\/wifunsa.de\/blog\/index.php\/wp-json\/wp\/v2\/pages"}],"about":[{"href":"https:\/\/wifunsa.de\/blog\/index.php\/wp-json\/wp\/v2\/types\/page"}],"author":[{"embeddable":true,"href":"https:\/\/wifunsa.de\/blog\/index.php\/wp-json\/wp\/v2\/users\/1"}],"replies":[{"embeddable":true,"href":"https:\/\/wifunsa.de\/blog\/index.php\/wp-json\/wp\/v2\/comments?post=36"}],"version-history":[{"count":2,"href":"https:\/\/wifunsa.de\/blog\/index.php\/wp-json\/wp\/v2\/pages\/36\/revisions"}],"predecessor-version":[{"id":69,"href":"https:\/\/wifunsa.de\/blog\/index.php\/wp-json\/wp\/v2\/pages\/36\/revisions\/69"}],"wp:attachment":[{"href":"https:\/\/wifunsa.de\/blog\/index.php\/wp-json\/wp\/v2\/media?parent=36"}],"curies":[{"name":"wp","href":"https:\/\/api.w.org\/{rel}","templated":true}]}}