{"id":96,"date":"2026-02-21T14:40:56","date_gmt":"2026-02-21T14:40:56","guid":{"rendered":"https:\/\/wifunsa.de\/blog\/?page_id=96"},"modified":"2026-02-21T14:45:01","modified_gmt":"2026-02-21T14:45:01","slug":"aktiv-werden","status":"publish","type":"page","link":"https:\/\/wifunsa.de\/blog\/index.php\/aktiv-werden\/","title":{"rendered":"Aktiv werden"},"content":{"rendered":"\n<p><\/p>\n\n\n\n<p><strong>Sind Sie interessiert an den Aktivit\u00e4ten von &#8222;Wissenschaft f\u00fcr uns in Sachsen-Anhalt e.V.&#8220; und wollen sich beteiligen?&nbsp;<\/strong><\/p>\n\n\n\n<p>Schreiben Sie eine Email mit Betreff &#8222;Plenum&#8220; an\u00a0<a href=\"mailto:info@wifunsa.de?subject=Plenum\">info@wifunsa.de<\/a>\u00a0und Sie erhalten Einladungen zu den monatlichen Vereinstreffen.<\/p>\n\n\n\n<p><strong>Wollen Sie die Arbeit von Wissenschaft f\u00fcr uns in Sachsen-Anhalt als Vereinsmitglied unterst\u00fctzen?<\/strong><\/p>\n\n\n\n<p>Schreiben Sie eine Email mit Betreff &#8222;Mitgliedschaft&#8220; an\u00a0<a href=\"mailto:info@wifunsa.de?subject=Mitgliedschaft\">info@wifunsa.de<\/a>\u00a0und Sie erhalten Informationen zur Mitgliedschaft (Jahresbeitrag f\u00fcr F\u00f6rdermitglieder 100 Euro, normaler Mitgliedsbeitrag 40 Euro, reduzierter Mitgliedsbeitrag 20 Euro f\u00fcr Studierende, Arbeitslose und B\u00fcrgergeldempf\u00e4nger).<\/p>\n\n\n\n<p><\/p>\n","protected":false},"excerpt":{"rendered":"<p>Sind Sie interessiert an den Aktivit\u00e4ten von &#8222;Wissenschaft f\u00fcr uns in Sachsen-Anhalt e.V.&#8220; und wollen sich beteiligen?&nbsp; Schreiben Sie eine Email mit Betreff &#8222;Plenum&#8220; an\u00a0info@wifunsa.de\u00a0und Sie erhalten Einladungen zu den monatlichen Vereinstreffen. Wollen Sie die Arbeit von Wissenschaft f\u00fcr uns in Sachsen-Anhalt als Vereinsmitglied unterst\u00fctzen? Schreiben Sie eine Email mit Betreff &#8222;Mitgliedschaft&#8220; an\u00a0info@wifunsa.de\u00a0und Sie erhalten <a class=\"more-link\" href=\"https:\/\/wifunsa.de\/blog\/index.php\/aktiv-werden\/\">Weiterlesen\u00a0\u2026<\/a><\/p>\n","protected":false},"author":1,"featured_media":0,"parent":0,"menu_order":0,"comment_status":"closed","ping_status":"closed","template":"","meta":{"footnotes":""},"class_list":["post-96","page","type-page","status-publish","hentry"],"_links":{"self":[{"href":"https:\/\/wifunsa.de\/blog\/index.php\/wp-json\/wp\/v2\/pages\/96","targetHints":{"allow":["GET"]}}],"collection":[{"href":"https:\/\/wifunsa.de\/blog\/index.php\/wp-json\/wp\/v2\/pages"}],"about":[{"href":"https:\/\/wifunsa.de\/blog\/index.php\/wp-json\/wp\/v2\/types\/page"}],"author":[{"embeddable":true,"href":"https:\/\/wifunsa.de\/blog\/index.php\/wp-json\/wp\/v2\/users\/1"}],"replies":[{"embeddable":true,"href":"https:\/\/wifunsa.de\/blog\/index.php\/wp-json\/wp\/v2\/comments?post=96"}],"version-history":[{"count":4,"href":"https:\/\/wifunsa.de\/blog\/index.php\/wp-json\/wp\/v2\/pages\/96\/revisions"}],"predecessor-version":[{"id":101,"href":"https:\/\/wifunsa.de\/blog\/index.php\/wp-json\/wp\/v2\/pages\/96\/revisions\/101"}],"wp:attachment":[{"href":"https:\/\/wifunsa.de\/blog\/index.php\/wp-json\/wp\/v2\/media?parent=96"}],"curies":[{"name":"wp","href":"https:\/\/api.w.org\/{rel}","templated":true}]}}